{"id":4322,"date":"2025-02-26T15:08:31","date_gmt":"2025-02-26T14:08:31","guid":{"rendered":"https:\/\/limitis.com\/?page_id=4322"},"modified":"2025-04-09T15:11:13","modified_gmt":"2025-04-09T13:11:13","slug":"supporto-di-emergenza","status":"publish","type":"page","link":"https:\/\/limitis.com\/it\/supporto-di-emergenza\/","title":{"rendered":"Supporto di emergenza"},"content":{"rendered":"<div class=\"lazyblock-layout-ZC475v wp-block-lazyblock-layout\">\r\n\r\n\r\n\r\n<div class=\"layout-content  fw-px-4 fw-py-7\" style=\"\">\r\n   <div class=\"lazyblock-inner-blocks\">\n<div class=\"lazyblock-text-Z1ajafO wp-block-lazyblock-text\">\r\n\r\n\r\n\r\n<div class=\"text-content \" style=\"\">\r\n  <h1 data-start=\"0\" data-end=\"46\"><strong>Supporto di emergenza \u2013 Sempre al tuo fianco, quando serve!<\/strong><\/h1><\/div>\r\n\r\n\r\n<\/div>\n\n<div class=\"lazyblock-text-21X5rS wp-block-lazyblock-text\">\r\n\r\n\r\n\r\n<div class=\"text-content \" style=\"\">\r\n  <p>Gli imprevisti IT possono verificarsi in qualsiasi momento \u2013 noi non ti lasciamo solo!<br \/>Utilizza il nostro <strong>modulo di emergenza<\/strong> per ricevere assistenza il pi\u00f9 rapidamente possibile. Il nostro team verr\u00e0 notificato immediatamente e ti contatter\u00e0 al pi\u00f9 presto.<\/p>\n<p>Durante l\u2019orario lavorativo offriamo supporto completo per tutte le richieste. <strong>Al di fuori di questi orari, la nostra disponibilit\u00e0 \u00e8 limitata<\/strong> \u2013 ma assicuriamo comunque la reperibilit\u00e0 <strong>in caso di emergenze urgenti<\/strong>.<\/p>\n<p>\ud83d\udccc <strong>Per richieste ordinarie durante l\u2019orario d\u2019ufficio, puoi contattarci via e-mail all\u2019indirizzo <a href=\"mailto:support@limitis.com\">support@limitis.com<\/a> oppure telefonicamente al numero <a href=\"tel:00390473427481\">+39 0473 427 481<\/a>.<\/strong><br \/><em><strong>IMPORTANTE: Il supporto di emergenza \u00e8 riservato esclusivamente ai casi urgenti al di fuori dell\u2019orario lavorativo.<\/strong><\/em><\/p><\/div>\r\n\r\n\r\n<\/div>\n\n\n<div id=\"accordeon\" class=\"wp-block-group\"><div class=\"wp-block-group__inner-container is-layout-constrained wp-block-group-is-layout-constrained\"><div class=\"lazyblock-accordeon-eulnA notfall-accordion wp-block-lazyblock-accordeon\">\r\n\r\n\r\n\r\n<div class=\"accordeon-wrapper\">\r\n\r\n\r\n\r\n<input type=\"checkbox\" id=\"Accordeon_SupportodiemergenzaCondizioni\" class=\"hidden-input\" \/>\r\n   <label for=\"Accordeon_SupportodiemergenzaCondizioni\" class=\"accordeon-title\" style=\"background-color: #d3d3d3;color: #444242;\">\r\n        Supporto di emergenza \u2013 Condizioni        <i class=\"bi bi-arrow-down-short\"><\/i>\r\n   <\/label>\r\n<div class=\"accordeon-content\" style=\"background-color: #ededed;\">\r\n <div class=\"lazyblock-inner-blocks\">\n<div class=\"lazyblock-text-2sWr8D wp-block-lazyblock-text\">\r\n\r\n\r\n\r\n<div class=\"text-content \" style=\"\">\r\n  <h3>Cosa si intende per emergenza?<\/h3>\n<p class=\"\" data-start=\"70\" data-end=\"286\">Un&#8217;<strong>emergenza<\/strong> si verifica quando si presentano problemi tecnici critici che <strong data-start=\"145\" data-end=\"232\">non possono essere rilevati e risolti dal nostro sistema di monitoraggio automatico<\/strong> e che richiedono <strong data-start=\"250\" data-end=\"285\">un intervento manuale<\/strong>.<\/p>\n<p class=\"\" data-start=\"288\" data-end=\"320\"><strong>Esempi tipici di emergenze sono:<\/strong><\/p>\n<ul>\n<li data-start=\"324\" data-end=\"474\">Il tuo sito web presenta errori o non \u00e8 raggiungibile, e <strong>si rende necessario un intervento manuale urgente, ad esempio il ripristino di un backup<\/strong><\/li>\n<li data-start=\"324\" data-end=\"474\"><strong>Non hai accesso ai tuoi servizi<\/strong>, ad esempio a causa della perdita delle credenziali, e hai bisogno di assistenza per ripristinarlo<\/li>\n<li data-start=\"324\" data-end=\"474\">Si verifica un incidente di sicurezza (ad esempio sospetto di hacking o violazione dei dati)<\/li>\n<\/ul>\n<p class=\"\" data-start=\"712\" data-end=\"1020\"><strong data-start=\"712\" data-end=\"727\">Importante:<\/strong><br data-start=\"727\" data-end=\"730\" \/><strong>Interruzioni come il down dei server e-mail o web<\/strong> <strong data-start=\"780\" data-end=\"814\">non sono considerate emergenze<\/strong> ai fini del nostro supporto di emergenza. Questi eventi vengono rilevati automaticamente dal nostro sistema di monitoraggio attivo 24\/7 e <strong>gestiti internamente<\/strong> senza necessit\u00e0 di intervento da parte tua.<\/p>\n<h3>Priorit\u00e0 e tempi di risposta<\/h3>\n<p>Tutte le richieste di supporto di emergenza vengono <strong>gestite in base al livello di priorit\u00e0.<\/strong><br \/>Ti chiediamo di comprendere che possiamo elaborare <strong>solo richieste compilate in modo completo.<\/strong><\/p>\n<p>Miriamo a fornire una <strong>risposta entro 6 ore<\/strong>, ma ti informiamo che, <strong>in particolari circostanze, i tempi di risposta potrebbero essere pi\u00f9 lunghi<\/strong> \u2013 faremo comunque il possibile per intervenire al pi\u00f9 presto!<\/p>\n<p>Ci riserviamo il diritto di valutare internamente l\u2019urgenza di ciascuna richiesta. Se a nostro giudizio non si tratta di un\u2019emergenza critica, la richiesta verr\u00e0 presa in carico il <strong>giorno lavorativo successivo.<\/strong><\/p>\n<h3>Costi<\/h3>\n<p>Se il problema \u00e8 stato causato da un malfunzionamento della <strong>nostra infrastruttura server,<\/strong> <strong>non verranno addebitati costi<\/strong>.<\/p>\n<p>Per tutti gli altri casi \u2013 ad esempio problemi causati da terzi o non riconducibili ai nostri server \u2013 verranno applicati i seguenti costi:<\/p>\n<ul data-start=\"337\" data-end=\"464\">\n<li data-start=\"337\" data-end=\"397\"><strong>Costo fisso di intervento:\u00a0<\/strong>60 \u20ac (una tantum per ogni richiesta di emergenza)<\/li>\n<li data-start=\"398\" data-end=\"464\"><strong>Tariffa oraria:<\/strong> 120 \u20ac l\u2019ora<\/li>\n<\/ul><\/div>\r\n\r\n\r\n<\/div>\n<\/div>\r\n<\/div>\r\n<\/div>\r\n\r\n\r\n\r\n<style>\r\n.accordeon-wrapper input.hidden-input {\r\n  position: absolute;\r\n  opacity: 0;\r\n  z-index: -1;\r\n  width: 0;\r\n  height: 0;\r\n}\r\n\r\n.accordeon-wrapper .accordeon-title {\r\n  display: flex;\r\n  justify-content: space-between;\r\n  padding: 20px 30px;\r\n  box-sizing: border-box;\r\n  font-weight: bold;\r\n  cursor: pointer;\r\n  display: flex;\r\n  justify-content: space-between;\r\n  align-items: center;\r\n  position: relative;\r\n}\r\n\r\n.style-border-headline.accordeon-wrapper .accordeon-title::before {\r\n  content: \"\";\r\n  transform-origin: 100% 50%;\r\n  transform: scale3d(1, 1, 1);\r\n  transition: transform 0.3s;\r\n  background: #0d5641;\r\n  width: 100%;\r\n  height: 1px;\r\n  position: absolute;\r\n  bottom: 0px;\r\n  left: 0;\r\n  top: auto;\r\n}\r\n\r\n.style-border-headline.accordeon-wrapper .accordeon-title:hover::before {\r\n  transform: scale3d(0, 1, 1);\r\n}\r\n\r\n.accordeon-wrapper .accordeon-title i {\r\n  font-size: 1.5em;\r\n  transition: transform 0.4s;\r\n}\r\n\r\n.accordeon-wrapper .accordeon-title .bh-bodytext * {\r\n  margin-bottom: 0;\r\n}\r\n\r\n.accordeon-wrapper .accordeon-content {\r\n  max-height: 0;\r\n  padding: 0 30px;\r\n  box-sizing: border-box;\r\n  color: #2c3e50;\r\n  transition: padding 0.4s, max-height 0.4s;\r\n  overflow: hidden;\r\n}\r\n\r\n.accordeon-wrapper input.hidden-input:checked + .tab-label {\r\n  background: #1a252f;\r\n}\r\n\r\nbody.bhe-state-editing .accordeon-content,\r\n.accordeon-wrapper input.hidden-input:checked ~ .accordeon-content {\r\n  max-height: 700px;\r\n  padding: 30px;\r\n}\r\n\r\n.accordeon-wrapper input.hidden-input:checked ~ .accordeon-title i {\r\n  transform: rotate(-90deg);\r\n}\r\n\r\nbody.bhe-state-editing .accordeon-content {\r\n  overflow: visible;\r\n}\r\n\r\n@media screen and (max-width: 550px) {\r\n  .accordeon-wrapper .accordeon-title {\r\n    padding: 15px 20px;\r\n  }\r\n\r\n  .accordeon-wrapper input.hidden-input:checked ~ .accordeon-content {\r\n    padding: 20px;\r\n  }\r\n\r\n  .accordeon-wrapper .accordeon-content {\r\n    padding: 0 20px;\r\n  }\r\n}\r\n\r\n\r\n\r\n<\/style><\/div><\/div><\/div>\n\n\n<div class=\"lazyblock-text-Zpn3A6 wp-block-lazyblock-text\">\r\n\r\n\r\n\r\n<div class=\"text-content \" style=\"\">\r\n  <h1 style=\"text-align: center;\">Segnalazione di emergenza<\/h1><\/div>\r\n\r\n\r\n<\/div>\n\n\n<div class=\"wpcf7 no-js\" id=\"wpcf7-f4325-o1\" lang=\"it-IT\" dir=\"ltr\" data-wpcf7-id=\"4325\">\n<div class=\"screen-reader-response\"><p role=\"status\" aria-live=\"polite\" aria-atomic=\"true\"><\/p> <ul><\/ul><\/div>\n<form action=\"\/it\/wp-json\/wp\/v2\/pages\/4322#wpcf7-f4325-o1\" method=\"post\" class=\"wpcf7-form init\" aria-label=\"Modulo di contatto\" enctype=\"multipart\/form-data\" novalidate=\"novalidate\" data-status=\"init\">\n<fieldset class=\"hidden-fields-container\"><input type=\"hidden\" name=\"_wpcf7\" value=\"4325\" \/><input type=\"hidden\" name=\"_wpcf7_version\" value=\"6.1.1\" \/><input type=\"hidden\" name=\"_wpcf7_locale\" value=\"it_IT\" \/><input type=\"hidden\" name=\"_wpcf7_unit_tag\" value=\"wpcf7-f4325-o1\" \/><input type=\"hidden\" name=\"_wpcf7_container_post\" value=\"0\" \/><input type=\"hidden\" name=\"_wpcf7_posted_data_hash\" value=\"\" \/>\n<\/fieldset>\n<div class=\"fw-cols fw-cols-2 fw-cols-break-normal\">\n   <label> Oggetto*\n   <span class=\"wpcf7-form-control-wrap\" data-name=\"subject\"><input size=\"40\" maxlength=\"400\" class=\"wpcf7-form-control wpcf7-text wpcf7-validates-as-required\" aria-required=\"true\" aria-invalid=\"false\" value=\"\" type=\"text\" name=\"subject\" \/><\/span> <\/label>\n   <label> Il tuo numero di cellulare*\n   <span class=\"wpcf7-form-control-wrap\" data-name=\"phone\"><input size=\"40\" maxlength=\"400\" class=\"wpcf7-form-control wpcf7-tel wpcf7-validates-as-required wpcf7-text wpcf7-validates-as-tel\" aria-required=\"true\" aria-invalid=\"false\" value=\"\" type=\"tel\" name=\"phone\" \/><\/span> <\/label>\n<\/div>\n\n<div class=\"fw-cols fw-cols-2 fw-cols-break-normal\">\n   <span id=\"wpcf7-6a021a53074cf-wrapper\" class=\"wpcf7-form-control-wrap firstname-693-wrap\" style=\"display:none !important; visibility:hidden !important;\"><label for=\"firstname\" class=\"hp-message\">Si prega di lasciare vuoto questo campo.<\/label><input id=\"firstname\"  placeholder=\"Nome\"  class=\"wpcf7-form-control wpcf7-text firstname\" type=\"text\" name=\"firstname-693\" value=\"\" size=\"40\" tabindex=\"-1\" autocomplete=\"off\" \/><\/span>\n   <span id=\"wpcf7-6a021a5307505-wrapper\" class=\"wpcf7-form-control-wrap lastname-693-wrap\" style=\"display:none !important; visibility:hidden !important;\"><label for=\"lastname\" class=\"hp-message\">Si prega di lasciare vuoto questo campo.<\/label><input id=\"lastname\"  placeholder=\"Cognome\"  class=\"wpcf7-form-control wpcf7-text lastname\" type=\"text\" name=\"lastname-693\" value=\"\" size=\"40\" tabindex=\"-1\" autocomplete=\"off\" \/><\/span>\n\n   <label> Il tuo nome*\n   <span class=\"wpcf7-form-control-wrap\" data-name=\"fullname\"><input size=\"40\" maxlength=\"400\" class=\"wpcf7-form-control wpcf7-text wpcf7-validates-as-required\" aria-required=\"true\" aria-invalid=\"false\" value=\"\" type=\"text\" name=\"fullname\" \/><\/span> <\/label>\n   <label> Il tuo indirizzo e-mail*\n   <span class=\"wpcf7-form-control-wrap\" data-name=\"email\"><input size=\"40\" maxlength=\"400\" class=\"wpcf7-form-control wpcf7-email wpcf7-validates-as-required wpcf7-text wpcf7-validates-as-email\" aria-required=\"true\" aria-invalid=\"false\" value=\"\" type=\"email\" name=\"email\" \/><\/span> <\/label>\n<\/div>\n\n<div>\n<label>Azienda\n<span class=\"wpcf7-form-control-wrap\" data-name=\"firma\"><input size=\"40\" maxlength=\"400\" class=\"wpcf7-form-control wpcf7-text\" aria-invalid=\"false\" value=\"\" type=\"text\" name=\"firma\" \/><\/span>\n<\/label>\n<\/div>\n\n<div class=\"fw-cols fw-cols-1 fw-cols-break-normal\">\n   <label>Descrizione dettagliata del problema*\n   <span class=\"wpcf7-form-control-wrap\" data-name=\"message\"><textarea cols=\"40\" rows=\"10\" maxlength=\"2000\" class=\"wpcf7-form-control wpcf7-textarea wpcf7-validates-as-required\" aria-required=\"true\" aria-invalid=\"false\" name=\"message\"><\/textarea><\/span> <\/label>\n<\/div>\n\n<div>\n<label>Carica un file (max. 10MB):\n<span class=\"wpcf7-form-control-wrap\" data-name=\"file-387\"><input size=\"40\" class=\"wpcf7-form-control wpcf7-file\" accept=\"audio\/*,video\/*,image\/*\" aria-invalid=\"false\" type=\"file\" name=\"file-387\" \/><\/span>\n<\/label>\n<\/div>\n\n<div class=\"fw-cols fw-cols-1 fw-cols-break-normal\">\n   <div class=\"fw-col\">\n      <span class=\"wpcf7-form-control-wrap\" data-name=\"privacy\"><span class=\"wpcf7-form-control wpcf7-acceptance\"><span class=\"wpcf7-list-item\"><label><input type=\"checkbox\" name=\"privacy\" value=\"1\" aria-invalid=\"false\" \/><span class=\"wpcf7-list-item-label\">Ho letto e accetto la \n         <a href=\"\/it\/privacy-cookies\/\" target=\"_blank\">politica sulla privacy<\/a> \n         e le \n          <a href=\"#accordeon\">condizioni del supporto di emergenza<\/a>.*<\/span><\/label><\/span><\/span><\/span>\n   <\/div>\n<\/div>\n\n<div class=\"fw-cols fw-cols-1 fw-cols-break-normal\">\n   <div class=\"fw-col\">\n      <span class=\"wpcf7-form-control-wrap\" data-name=\"privacy\"><span class=\"wpcf7-form-control wpcf7-acceptance\"><span class=\"wpcf7-list-item\"><label><input type=\"checkbox\" name=\"privacy\" value=\"1\" aria-invalid=\"false\" \/><span class=\"wpcf7-list-item-label\">Accetto i costi previsti per l'intervento.*<\/span><\/label><\/span><\/span><\/span>\n   <\/div>\n<\/div>\n\n<div class=\"fw-cols fw-cols-1 fw-cols-break-normal\">\n   <span id=\"wpcf7-6a021a5307647-wrapper\" class=\"wpcf7-form-control-wrap lastname-693-wrap\" style=\"display:none !important; visibility:hidden !important;\"><label for=\"comment\" class=\"hp-message\">Si prega di lasciare vuoto questo campo.<\/label><input id=\"comment\"  placeholder=\"Commento aggiuntivo\"  class=\"wpcf7-form-control wpcf7-text comment\" type=\"text\" name=\"lastname-693\" value=\"\" size=\"40\" tabindex=\"-1\" autocomplete=\"off\" \/><\/span>\n<\/div>\n\n<div class=\"fw-cols fw-cols-1 fw-cols-break-normal\">\n   <div style=\"display: flex; justify-content: flex-start;\">\n      <strong>* Campo obbligatorio<\/strong>\n   <\/div>\n<\/div>\n\n<span id=\"wpcf7-6a021a5307660-wrapper\" class=\"wpcf7-form-control-wrap honeypot-239-wrap\" style=\"display:none !important; visibility:hidden !important;\"><label for=\"wpcf7-6a021a5307660-field\" class=\"hp-message\">Si prega di lasciare vuoto questo campo.<\/label><input id=\"wpcf7-6a021a5307660-field\"  class=\"wpcf7-form-control wpcf7-text\" type=\"text\" name=\"honeypot-239\" value=\"\" size=\"40\" tabindex=\"-1\" autocomplete=\"new-password\" \/><\/span>\n\n<div class=\"h-captcha\" data-sitekey=\"c324c1d4-de62-44ae-a974-f7a426345676\" data-size=\"normal\" data-theme=\"light\" data-lang=\"it\"><\/div><span class=\"wpcf7-form-control-wrap cf7apps-hcaptcha\" data-name=\"cf7apps-hcaptcha\"><input type=\"hidden\" name=\"cf7apps-hcaptcha\" value=\"\" class=\"wpcf7-form-control\"><\/span>\n\n<div class=\"fw-cols fw-cols-1 fw-cols-break-normal fw-cols-submit\">\n   <div class=\"button button--effect fw-col\">\n      <span class=\"button__mask bg-color-1\"><\/span>\n      <input class=\"wpcf7-form-control wpcf7-submit has-spinner\" type=\"submit\" value=\"Invia\" \/>\n   <\/div>\n<\/div><div class=\"wpcf7-response-output\" aria-hidden=\"true\"><\/div>\n<\/form>\n<\/div>\n\n\n<\/div> \r\n<\/div>\r\n\r\n\r\n<\/div>\n\n\n<script>\ndocument.addEventListener(\"DOMContentLoaded\", function () {\n  const link = document.querySelector('a[href=\"#accordeon\"]');\n  const checkbox = document.getElementById(\"Accordeon_SupportodiemergenzaCondizioni\");\n  const accordionWrapper = document.getElementById(\"accordeon\");\n\n  if (link && checkbox && accordionWrapper) {\n    link.addEventListener(\"click\", function (e) {\n      e.preventDefault(); \/\/ wichtig, damit der Browser nicht sofort springt\n      \n      \/\/ Akkordeon aufklappen\n      checkbox.checked = true;\n\n      \/\/ 100ms warten, bis es \"ausklappt\", dann smooth scroll\n      setTimeout(() => {\n        accordionWrapper.scrollIntoView({ behavior: \"smooth\", block: \"start\" });\n      }, 100);\n    });\n  }\n});\n<\/script>\n\n\n\n<p><\/p>\n","protected":false},"excerpt":{"rendered":"","protected":false},"author":9,"featured_media":0,"parent":0,"menu_order":0,"comment_status":"closed","ping_status":"closed","template":"","meta":{"footnotes":""},"class_list":["post-4322","page","type-page","status-publish","hentry"],"yoast_head":"<!-- This site is optimized with the Yoast SEO plugin v27.5 - https:\/\/yoast.com\/product\/yoast-seo-wordpress\/ -->\n<title>Supporto di emergenza - Limitis<\/title>\n<meta name=\"robots\" content=\"index, follow, max-snippet:-1, max-image-preview:large, max-video-preview:-1\" \/>\n<link rel=\"canonical\" href=\"https:\/\/limitis.com\/it\/supporto-di-emergenza\/\" \/>\n<meta property=\"og:locale\" content=\"it_IT\" \/>\n<meta property=\"og:type\" content=\"article\" \/>\n<meta property=\"og:title\" content=\"Supporto di emergenza - Limitis\" \/>\n<meta property=\"og:url\" content=\"https:\/\/limitis.com\/it\/supporto-di-emergenza\/\" \/>\n<meta property=\"og:site_name\" content=\"Limitis\" \/>\n<meta property=\"article:publisher\" content=\"https:\/\/www.facebook.com\/limitis.net\" \/>\n<meta property=\"article:modified_time\" content=\"2025-04-09T13:11:13+00:00\" \/>\n<meta name=\"twitter:card\" content=\"summary_large_image\" \/>\n<meta name=\"twitter:label1\" content=\"Tempo di lettura stimato\" \/>\n\t<meta name=\"twitter:data1\" content=\"1 minuto\" \/>\n<script type=\"application\/ld+json\" class=\"yoast-schema-graph\">{\"@context\":\"https:\\\/\\\/schema.org\",\"@graph\":[{\"@type\":\"WebPage\",\"@id\":\"https:\\\/\\\/limitis.com\\\/it\\\/supporto-di-emergenza\\\/\",\"url\":\"https:\\\/\\\/limitis.com\\\/it\\\/supporto-di-emergenza\\\/\",\"name\":\"Supporto di emergenza - Limitis\",\"isPartOf\":{\"@id\":\"https:\\\/\\\/limitis.com\\\/it\\\/#website\"},\"datePublished\":\"2025-02-26T14:08:31+00:00\",\"dateModified\":\"2025-04-09T13:11:13+00:00\",\"breadcrumb\":{\"@id\":\"https:\\\/\\\/limitis.com\\\/it\\\/supporto-di-emergenza\\\/#breadcrumb\"},\"inLanguage\":\"it-IT\",\"potentialAction\":[{\"@type\":\"ReadAction\",\"target\":[\"https:\\\/\\\/limitis.com\\\/it\\\/supporto-di-emergenza\\\/\"]}]},{\"@type\":\"BreadcrumbList\",\"@id\":\"https:\\\/\\\/limitis.com\\\/it\\\/supporto-di-emergenza\\\/#breadcrumb\",\"itemListElement\":[{\"@type\":\"ListItem\",\"position\":1,\"name\":\"Startseite\",\"item\":\"https:\\\/\\\/limitis.com\\\/it\\\/\"},{\"@type\":\"ListItem\",\"position\":2,\"name\":\"Supporto di emergenza\"}]},{\"@type\":\"WebSite\",\"@id\":\"https:\\\/\\\/limitis.com\\\/it\\\/#website\",\"url\":\"https:\\\/\\\/limitis.com\\\/it\\\/\",\"name\":\"Limitis\",\"description\":\"Internet-L\u00f6sungen aus S\u00fcdtirol\",\"publisher\":{\"@id\":\"https:\\\/\\\/limitis.com\\\/it\\\/#organization\"},\"potentialAction\":[{\"@type\":\"SearchAction\",\"target\":{\"@type\":\"EntryPoint\",\"urlTemplate\":\"https:\\\/\\\/limitis.com\\\/it\\\/?s={search_term_string}\"},\"query-input\":{\"@type\":\"PropertyValueSpecification\",\"valueRequired\":true,\"valueName\":\"search_term_string\"}}],\"inLanguage\":\"it-IT\"},{\"@type\":\"Organization\",\"@id\":\"https:\\\/\\\/limitis.com\\\/it\\\/#organization\",\"name\":\"Limitis GmbH\",\"url\":\"https:\\\/\\\/limitis.com\\\/it\\\/\",\"logo\":{\"@type\":\"ImageObject\",\"inLanguage\":\"it-IT\",\"@id\":\"https:\\\/\\\/limitis.com\\\/it\\\/#\\\/schema\\\/logo\\\/image\\\/\",\"url\":\"https:\\\/\\\/limitis.com\\\/wp-content\\\/uploads\\\/2023\\\/05\\\/limitis-logo-neu.png\",\"contentUrl\":\"https:\\\/\\\/limitis.com\\\/wp-content\\\/uploads\\\/2023\\\/05\\\/limitis-logo-neu.png\",\"width\":162,\"height\":47,\"caption\":\"Limitis GmbH\"},\"image\":{\"@id\":\"https:\\\/\\\/limitis.com\\\/it\\\/#\\\/schema\\\/logo\\\/image\\\/\"},\"sameAs\":[\"https:\\\/\\\/www.facebook.com\\\/limitis.net\",\"https:\\\/\\\/www.instagram.com\\\/limitis_gmbh\\\/\",\"https:\\\/\\\/www.linkedin.com\\\/company\\\/limitis\"]}]}<\/script>\n<!-- \/ Yoast SEO plugin. -->","yoast_head_json":{"title":"Supporto di emergenza - Limitis","robots":{"index":"index","follow":"follow","max-snippet":"max-snippet:-1","max-image-preview":"max-image-preview:large","max-video-preview":"max-video-preview:-1"},"canonical":"https:\/\/limitis.com\/it\/supporto-di-emergenza\/","og_locale":"it_IT","og_type":"article","og_title":"Supporto di emergenza - Limitis","og_url":"https:\/\/limitis.com\/it\/supporto-di-emergenza\/","og_site_name":"Limitis","article_publisher":"https:\/\/www.facebook.com\/limitis.net","article_modified_time":"2025-04-09T13:11:13+00:00","twitter_card":"summary_large_image","twitter_misc":{"Tempo di lettura stimato":"1 minuto"},"schema":{"@context":"https:\/\/schema.org","@graph":[{"@type":"WebPage","@id":"https:\/\/limitis.com\/it\/supporto-di-emergenza\/","url":"https:\/\/limitis.com\/it\/supporto-di-emergenza\/","name":"Supporto di emergenza - Limitis","isPartOf":{"@id":"https:\/\/limitis.com\/it\/#website"},"datePublished":"2025-02-26T14:08:31+00:00","dateModified":"2025-04-09T13:11:13+00:00","breadcrumb":{"@id":"https:\/\/limitis.com\/it\/supporto-di-emergenza\/#breadcrumb"},"inLanguage":"it-IT","potentialAction":[{"@type":"ReadAction","target":["https:\/\/limitis.com\/it\/supporto-di-emergenza\/"]}]},{"@type":"BreadcrumbList","@id":"https:\/\/limitis.com\/it\/supporto-di-emergenza\/#breadcrumb","itemListElement":[{"@type":"ListItem","position":1,"name":"Startseite","item":"https:\/\/limitis.com\/it\/"},{"@type":"ListItem","position":2,"name":"Supporto di emergenza"}]},{"@type":"WebSite","@id":"https:\/\/limitis.com\/it\/#website","url":"https:\/\/limitis.com\/it\/","name":"Limitis","description":"Internet-L\u00f6sungen aus S\u00fcdtirol","publisher":{"@id":"https:\/\/limitis.com\/it\/#organization"},"potentialAction":[{"@type":"SearchAction","target":{"@type":"EntryPoint","urlTemplate":"https:\/\/limitis.com\/it\/?s={search_term_string}"},"query-input":{"@type":"PropertyValueSpecification","valueRequired":true,"valueName":"search_term_string"}}],"inLanguage":"it-IT"},{"@type":"Organization","@id":"https:\/\/limitis.com\/it\/#organization","name":"Limitis GmbH","url":"https:\/\/limitis.com\/it\/","logo":{"@type":"ImageObject","inLanguage":"it-IT","@id":"https:\/\/limitis.com\/it\/#\/schema\/logo\/image\/","url":"https:\/\/limitis.com\/wp-content\/uploads\/2023\/05\/limitis-logo-neu.png","contentUrl":"https:\/\/limitis.com\/wp-content\/uploads\/2023\/05\/limitis-logo-neu.png","width":162,"height":47,"caption":"Limitis GmbH"},"image":{"@id":"https:\/\/limitis.com\/it\/#\/schema\/logo\/image\/"},"sameAs":["https:\/\/www.facebook.com\/limitis.net","https:\/\/www.instagram.com\/limitis_gmbh\/","https:\/\/www.linkedin.com\/company\/limitis"]}]}},"_links":{"self":[{"href":"https:\/\/limitis.com\/it\/wp-json\/wp\/v2\/pages\/4322","targetHints":{"allow":["GET"]}}],"collection":[{"href":"https:\/\/limitis.com\/it\/wp-json\/wp\/v2\/pages"}],"about":[{"href":"https:\/\/limitis.com\/it\/wp-json\/wp\/v2\/types\/page"}],"author":[{"embeddable":true,"href":"https:\/\/limitis.com\/it\/wp-json\/wp\/v2\/users\/9"}],"replies":[{"embeddable":true,"href":"https:\/\/limitis.com\/it\/wp-json\/wp\/v2\/comments?post=4322"}],"version-history":[{"count":19,"href":"https:\/\/limitis.com\/it\/wp-json\/wp\/v2\/pages\/4322\/revisions"}],"predecessor-version":[{"id":4757,"href":"https:\/\/limitis.com\/it\/wp-json\/wp\/v2\/pages\/4322\/revisions\/4757"}],"wp:attachment":[{"href":"https:\/\/limitis.com\/it\/wp-json\/wp\/v2\/media?parent=4322"}],"curies":[{"name":"wp","href":"https:\/\/api.w.org\/{rel}","templated":true}]}}