{"id":3457,"date":"2024-12-09T13:58:43","date_gmt":"2024-12-09T12:58:43","guid":{"rendered":"https:\/\/limitis.eu\/?page_id=3457"},"modified":"2024-12-09T14:11:32","modified_gmt":"2024-12-09T13:11:32","slug":"agevolazioni-innovazione","status":"publish","type":"page","link":"https:\/\/limitis.com\/it\/agevolazioni-innovazione\/","title":{"rendered":"Agevolazioni innovazione"},"content":{"rendered":"<div class=\"lazyblock-layout-10PLYw wp-block-lazyblock-layout\">\r\n\r\n\r\n\r\n<div class=\"layout-content  fw-px-4 fw-py-7\" style=\"\">\r\n   <div class=\"lazyblock-inner-blocks\">\n\n<h1 class=\"wp-block-heading\">Agevolazioni innovazione<\/h1>\n\n\n\n<figure class=\"wp-block-image\"><img decoding=\"async\" data-src=\"https:\/\/www.limitis.com\/images\/blog\/Bild1.png\" alt=\"\" src=\"data:image\/svg+xml;base64,PHN2ZyB3aWR0aD0iMSIgaGVpZ2h0PSIxIiB4bWxucz0iaHR0cDovL3d3dy53My5vcmcvMjAwMC9zdmciPjwvc3ZnPg==\" class=\"lazyload\" \/><\/figure>\n\n\n\n<p><\/p>\n\n\n\n<p>Progetto: <strong>&#8220;Innovazione di processo o dell\u2019organizzazione attraverso l&#8217;introduzione dei processi ITIL per una gestione efficace ed efficiente dei servizi IT mediante utilizzo di ky2help, nello spirito di Impresa 4.0<\/strong>&#8220;.<br>Concessione del incentivo ai sensi della Legge Provinciale 13 dicembre 2006, n. 14, e successive modifiche, per la domanda di &#8220;INNOVAZIONE DI PROCESSO O DELL&#8217;ORGANIZZAZIONE&#8221;, Legge n. 147\/2022 Atto n. 147\/2022, Provvedimento di concessione: Decreto del 26.10.2022, n. 20022<\/p>\n\n\n\n<p><strong>Numero CUP: B37H22004510001<\/strong><\/p>\n\n\n\n<p>Obiettivi tecnici e innovativi del progetto:<\/p>\n\n\n\n<p>Nulla cambia e si sviluppa pi\u00f9 velocemente di internet e della digitalizzazione. Per questo motivo, dobbiamo ripensare costantemente i nostri processi organizzativi per aggiornare le nostre operazioni in modo da poter fornire il miglior servizio possibile ai nostri clienti.<\/p>\n\n\n\n<p>Introducendo il sistema di gestione dei servizi IT ITIL, Limitis vuole ottenere una gestione pi\u00f9 efficace dei servizi IT nel senso dell&#8217;Impresa 4.0.<\/p>\n\n\n\n<p>Limitis vuole anche riposizionarsi sul mercato e quindi portare anche i suoi clienti allo stato pi\u00f9 recente di un&#8217;impresa 4.0. L&#8217;obiettivo principale \u00e8 analizzare, ottimizzare e riprogettare i processi di servizio, offrire servizi indipendenti dal tempo e raccogliere le conoscenze a livello centrale. A tal fine, \u00e8 necessario creare un elevato grado di automazione con l&#8217;introduzione dei processi secondo ITIL.<\/p>\n\n\n\n<p>Limitis GmbH ha ottenuto un contributo pubblico di 53.500 euro per il progetto.<\/p>\n\n\n\n<p>Progetto:<strong> &#8220;Innovazione nei processi e nell&#8217;organizzazione attraverso l&#8217;ottimizzazione del servizio di gestione ky2help e la creazione strutturata della CMDB&#8221;<\/strong>.<br>Concessione del incentivo ai sensi della Legge Provinciale 13 dicembre 2006, n. 14, e successive modifiche, per la domanda di &#8220;INNOVAZIONE DI PROCESSO O DELL&#8217;ORGANIZZAZIONE&#8221;, Legge n. 147\/2022 Atto n. 147\/2022, Provvedimento di concessione: Decreto del 26.10.2022, n. 20022<\/p>\n\n\n\n<p><strong>Numero CUP: B37H23001090001<\/strong><\/p>\n\n\n\n<p>Obiettivi tecnici e innovativi del progetto:<\/p>\n\n\n\n<p>Il progetto di innovazione comprende l&#8217;introduzione di una CMDB, lo sviluppo di un nuovo concetto di infrastruttura IT e il rafforzamento della competitivit\u00e0 come fornitore di servizi IT.<br>L&#8217;obiettivo \u00e8 sviluppare un concetto ottimale di infrastruttura IT per Limitis, tenendo conto di scalabilit\u00e0, integrazione, automazione, sicurezza, sostenibilit\u00e0 ed economicit\u00e0.<\/p>\n\n\n\n<p>Limitis GmbH ha ottenuto un contributo pubblico di 62.950 euro per il progetto.<\/p>\n\n<\/div> \r\n<\/div>\r\n\r\n\r\n<\/div>","protected":false},"excerpt":{"rendered":"","protected":false},"author":9,"featured_media":0,"parent":0,"menu_order":0,"comment_status":"closed","ping_status":"closed","template":"","meta":{"footnotes":""},"class_list":["post-3457","page","type-page","status-publish","hentry"],"yoast_head":"<!-- This site is optimized with the Yoast SEO plugin v27.4 - https:\/\/yoast.com\/product\/yoast-seo-wordpress\/ -->\n<title>Agevolazioni innovazione - Limitis<\/title>\n<meta name=\"robots\" content=\"index, follow, max-snippet:-1, max-image-preview:large, max-video-preview:-1\" \/>\n<link rel=\"canonical\" href=\"https:\/\/limitis.com\/it\/agevolazioni-innovazione\/\" \/>\n<meta property=\"og:locale\" content=\"it_IT\" \/>\n<meta property=\"og:type\" content=\"article\" \/>\n<meta property=\"og:title\" content=\"Agevolazioni innovazione - Limitis\" \/>\n<meta property=\"og:url\" content=\"https:\/\/limitis.com\/it\/agevolazioni-innovazione\/\" \/>\n<meta property=\"og:site_name\" content=\"Limitis\" \/>\n<meta property=\"article:publisher\" content=\"https:\/\/www.facebook.com\/limitis.net\" \/>\n<meta property=\"article:modified_time\" content=\"2024-12-09T13:11:32+00:00\" \/>\n<meta property=\"og:image\" content=\"https:\/\/www.limitis.com\/images\/blog\/Bild1.png\" \/>\n<meta name=\"twitter:card\" content=\"summary_large_image\" \/>\n<meta name=\"twitter:label1\" content=\"Tempo di lettura stimato\" \/>\n\t<meta name=\"twitter:data1\" content=\"3 minuti\" \/>\n<script type=\"application\/ld+json\" class=\"yoast-schema-graph\">{\"@context\":\"https:\\\/\\\/schema.org\",\"@graph\":[{\"@type\":\"WebPage\",\"@id\":\"https:\\\/\\\/limitis.com\\\/it\\\/agevolazioni-innovazione\\\/\",\"url\":\"https:\\\/\\\/limitis.com\\\/it\\\/agevolazioni-innovazione\\\/\",\"name\":\"Agevolazioni innovazione - Limitis\",\"isPartOf\":{\"@id\":\"https:\\\/\\\/limitis.com\\\/it\\\/#website\"},\"primaryImageOfPage\":{\"@id\":\"https:\\\/\\\/limitis.com\\\/it\\\/agevolazioni-innovazione\\\/#primaryimage\"},\"image\":{\"@id\":\"https:\\\/\\\/limitis.com\\\/it\\\/agevolazioni-innovazione\\\/#primaryimage\"},\"thumbnailUrl\":\"https:\\\/\\\/www.limitis.com\\\/images\\\/blog\\\/Bild1.png\",\"datePublished\":\"2024-12-09T12:58:43+00:00\",\"dateModified\":\"2024-12-09T13:11:32+00:00\",\"breadcrumb\":{\"@id\":\"https:\\\/\\\/limitis.com\\\/it\\\/agevolazioni-innovazione\\\/#breadcrumb\"},\"inLanguage\":\"it-IT\",\"potentialAction\":[{\"@type\":\"ReadAction\",\"target\":[\"https:\\\/\\\/limitis.com\\\/it\\\/agevolazioni-innovazione\\\/\"]}]},{\"@type\":\"ImageObject\",\"inLanguage\":\"it-IT\",\"@id\":\"https:\\\/\\\/limitis.com\\\/it\\\/agevolazioni-innovazione\\\/#primaryimage\",\"url\":\"https:\\\/\\\/www.limitis.com\\\/images\\\/blog\\\/Bild1.png\",\"contentUrl\":\"https:\\\/\\\/www.limitis.com\\\/images\\\/blog\\\/Bild1.png\"},{\"@type\":\"BreadcrumbList\",\"@id\":\"https:\\\/\\\/limitis.com\\\/it\\\/agevolazioni-innovazione\\\/#breadcrumb\",\"itemListElement\":[{\"@type\":\"ListItem\",\"position\":1,\"name\":\"Startseite\",\"item\":\"https:\\\/\\\/limitis.com\\\/it\\\/\"},{\"@type\":\"ListItem\",\"position\":2,\"name\":\"Agevolazioni innovazione\"}]},{\"@type\":\"WebSite\",\"@id\":\"https:\\\/\\\/limitis.com\\\/it\\\/#website\",\"url\":\"https:\\\/\\\/limitis.com\\\/it\\\/\",\"name\":\"Limitis\",\"description\":\"Internet-L\u00f6sungen aus S\u00fcdtirol\",\"publisher\":{\"@id\":\"https:\\\/\\\/limitis.com\\\/it\\\/#organization\"},\"potentialAction\":[{\"@type\":\"SearchAction\",\"target\":{\"@type\":\"EntryPoint\",\"urlTemplate\":\"https:\\\/\\\/limitis.com\\\/it\\\/?s={search_term_string}\"},\"query-input\":{\"@type\":\"PropertyValueSpecification\",\"valueRequired\":true,\"valueName\":\"search_term_string\"}}],\"inLanguage\":\"it-IT\"},{\"@type\":\"Organization\",\"@id\":\"https:\\\/\\\/limitis.com\\\/it\\\/#organization\",\"name\":\"Limitis GmbH\",\"url\":\"https:\\\/\\\/limitis.com\\\/it\\\/\",\"logo\":{\"@type\":\"ImageObject\",\"inLanguage\":\"it-IT\",\"@id\":\"https:\\\/\\\/limitis.com\\\/it\\\/#\\\/schema\\\/logo\\\/image\\\/\",\"url\":\"https:\\\/\\\/limitis.com\\\/wp-content\\\/uploads\\\/2023\\\/05\\\/limitis-logo-neu.png\",\"contentUrl\":\"https:\\\/\\\/limitis.com\\\/wp-content\\\/uploads\\\/2023\\\/05\\\/limitis-logo-neu.png\",\"width\":162,\"height\":47,\"caption\":\"Limitis GmbH\"},\"image\":{\"@id\":\"https:\\\/\\\/limitis.com\\\/it\\\/#\\\/schema\\\/logo\\\/image\\\/\"},\"sameAs\":[\"https:\\\/\\\/www.facebook.com\\\/limitis.net\",\"https:\\\/\\\/www.instagram.com\\\/limitis_gmbh\\\/\",\"https:\\\/\\\/www.linkedin.com\\\/company\\\/limitis\"]}]}<\/script>\n<!-- \/ Yoast SEO plugin. -->","yoast_head_json":{"title":"Agevolazioni innovazione - Limitis","robots":{"index":"index","follow":"follow","max-snippet":"max-snippet:-1","max-image-preview":"max-image-preview:large","max-video-preview":"max-video-preview:-1"},"canonical":"https:\/\/limitis.com\/it\/agevolazioni-innovazione\/","og_locale":"it_IT","og_type":"article","og_title":"Agevolazioni innovazione - Limitis","og_url":"https:\/\/limitis.com\/it\/agevolazioni-innovazione\/","og_site_name":"Limitis","article_publisher":"https:\/\/www.facebook.com\/limitis.net","article_modified_time":"2024-12-09T13:11:32+00:00","og_image":[{"url":"https:\/\/www.limitis.com\/images\/blog\/Bild1.png","type":"","width":"","height":""}],"twitter_card":"summary_large_image","twitter_misc":{"Tempo di lettura stimato":"3 minuti"},"schema":{"@context":"https:\/\/schema.org","@graph":[{"@type":"WebPage","@id":"https:\/\/limitis.com\/it\/agevolazioni-innovazione\/","url":"https:\/\/limitis.com\/it\/agevolazioni-innovazione\/","name":"Agevolazioni innovazione - Limitis","isPartOf":{"@id":"https:\/\/limitis.com\/it\/#website"},"primaryImageOfPage":{"@id":"https:\/\/limitis.com\/it\/agevolazioni-innovazione\/#primaryimage"},"image":{"@id":"https:\/\/limitis.com\/it\/agevolazioni-innovazione\/#primaryimage"},"thumbnailUrl":"https:\/\/www.limitis.com\/images\/blog\/Bild1.png","datePublished":"2024-12-09T12:58:43+00:00","dateModified":"2024-12-09T13:11:32+00:00","breadcrumb":{"@id":"https:\/\/limitis.com\/it\/agevolazioni-innovazione\/#breadcrumb"},"inLanguage":"it-IT","potentialAction":[{"@type":"ReadAction","target":["https:\/\/limitis.com\/it\/agevolazioni-innovazione\/"]}]},{"@type":"ImageObject","inLanguage":"it-IT","@id":"https:\/\/limitis.com\/it\/agevolazioni-innovazione\/#primaryimage","url":"https:\/\/www.limitis.com\/images\/blog\/Bild1.png","contentUrl":"https:\/\/www.limitis.com\/images\/blog\/Bild1.png"},{"@type":"BreadcrumbList","@id":"https:\/\/limitis.com\/it\/agevolazioni-innovazione\/#breadcrumb","itemListElement":[{"@type":"ListItem","position":1,"name":"Startseite","item":"https:\/\/limitis.com\/it\/"},{"@type":"ListItem","position":2,"name":"Agevolazioni innovazione"}]},{"@type":"WebSite","@id":"https:\/\/limitis.com\/it\/#website","url":"https:\/\/limitis.com\/it\/","name":"Limitis","description":"Internet-L\u00f6sungen aus S\u00fcdtirol","publisher":{"@id":"https:\/\/limitis.com\/it\/#organization"},"potentialAction":[{"@type":"SearchAction","target":{"@type":"EntryPoint","urlTemplate":"https:\/\/limitis.com\/it\/?s={search_term_string}"},"query-input":{"@type":"PropertyValueSpecification","valueRequired":true,"valueName":"search_term_string"}}],"inLanguage":"it-IT"},{"@type":"Organization","@id":"https:\/\/limitis.com\/it\/#organization","name":"Limitis GmbH","url":"https:\/\/limitis.com\/it\/","logo":{"@type":"ImageObject","inLanguage":"it-IT","@id":"https:\/\/limitis.com\/it\/#\/schema\/logo\/image\/","url":"https:\/\/limitis.com\/wp-content\/uploads\/2023\/05\/limitis-logo-neu.png","contentUrl":"https:\/\/limitis.com\/wp-content\/uploads\/2023\/05\/limitis-logo-neu.png","width":162,"height":47,"caption":"Limitis GmbH"},"image":{"@id":"https:\/\/limitis.com\/it\/#\/schema\/logo\/image\/"},"sameAs":["https:\/\/www.facebook.com\/limitis.net","https:\/\/www.instagram.com\/limitis_gmbh\/","https:\/\/www.linkedin.com\/company\/limitis"]}]}},"_links":{"self":[{"href":"https:\/\/limitis.com\/it\/wp-json\/wp\/v2\/pages\/3457","targetHints":{"allow":["GET"]}}],"collection":[{"href":"https:\/\/limitis.com\/it\/wp-json\/wp\/v2\/pages"}],"about":[{"href":"https:\/\/limitis.com\/it\/wp-json\/wp\/v2\/types\/page"}],"author":[{"embeddable":true,"href":"https:\/\/limitis.com\/it\/wp-json\/wp\/v2\/users\/9"}],"replies":[{"embeddable":true,"href":"https:\/\/limitis.com\/it\/wp-json\/wp\/v2\/comments?post=3457"}],"version-history":[{"count":5,"href":"https:\/\/limitis.com\/it\/wp-json\/wp\/v2\/pages\/3457\/revisions"}],"predecessor-version":[{"id":3468,"href":"https:\/\/limitis.com\/it\/wp-json\/wp\/v2\/pages\/3457\/revisions\/3468"}],"wp:attachment":[{"href":"https:\/\/limitis.com\/it\/wp-json\/wp\/v2\/media?parent=3457"}],"curies":[{"name":"wp","href":"https:\/\/api.w.org\/{rel}","templated":true}]}}