{"id":2470,"date":"2024-11-07T16:45:56","date_gmt":"2024-11-07T15:45:56","guid":{"rendered":"https:\/\/limitis.eu\/?page_id=2470"},"modified":"2024-12-18T14:22:26","modified_gmt":"2024-12-18T13:22:26","slug":"produkte","status":"publish","type":"page","link":"https:\/\/limitis.com\/it\/produkte\/","title":{"rendered":"I nostri servizi"},"content":{"rendered":"<div class=\"lazyblock-layout-2eAqL7 wp-block-lazyblock-layout\">\r\n\r\n\r\n\r\n<div class=\"layout-content background-color: #d3d3d3 fw-px-4 fw-py-7\" style=\"background-color: #d3d3d3\">\r\n   <div class=\"lazyblock-inner-blocks\">\n<div class=\"lazyblock-text-3FJo2 wp-block-lazyblock-text\">\r\n\r\n\r\n\r\n<div class=\"text-content \" style=\"\">\r\n  <h1 style=\"text-align: center;\">Soluzioni digitali per la tua sicurezza e crescita<\/h1>\n<p>Limitis offre tutto ci\u00f2 di cui la tua azienda ha bisogno per una solida e affidabile infrastruttura digitale. Le nostre soluzioni garantiscono il funzionamento fluido dei tuoi servizi online \u2013 in modo sicuro, flessibile e con il massimo livello tecnologico.<\/p>\n<p>Come partner locale dell&#8217;Alto Adige, comprendiamo le esigenze delle imprese del territorio e uniamo qualit\u00e0 eccellente a un servizio personalizzato. Cos\u00ec puoi dedicarti completamente a ci\u00f2 che conta davvero: il successo della tua attivit\u00e0.<\/p><\/div>\r\n\r\n\r\n<\/div>\n\n<div class=\"lazyblock-posts-list-Z23rXGl wp-block-lazyblock-posts-list\">\r\n\r\n\r\n\r\n    <\/div>\r\n\r\n\r\n\r\n\r\n\r\n\r\n<div class=\"posts posts-list post-list-products\">\r\n    \r\n\r\n\r\n\r\n \r\n\r\n    \r\n<article class=\"article swiper-slide bg-color-white fw-center fw-mw-xsmall post-2694 products type-products status-publish hentry products-category-generale\">\r\n    <a href=\"https:\/\/limitis.com\/it\/products\/foxit\/\" target=\"_self\">            \r\n\r\n            \r\n            <div class=\"article-content bg-color-white\" style=\"\">\r\n         \r\n                <div class=\"article-content-inner\">\r\n\r\n                    <div class=\"article-icon\"><i class=\"bi bi-filetype-pdf\"><\/i><\/div>\r\n                    <h3>Il modo intelligente di lavorare con i PDF \u2013 Foxit PDF<\/h3>\r\n\r\n                    <p>Come partner di Foxit, noi di Limitis siamo al tuo fianco con una competenza completa per trovare la soluzione pi\u00f9 [&hellip;]<\/p>\n                    <\/div>\r\n                \r\n                <div class=\"article-button button button--effect\">\r\n                                            <span class=\"button__mask\"><\/span><span class=\"button__text\">Dettagli<\/span><\/div>\r\n                                            \r\n            <\/div>\r\n\r\n\r\n    <\/a>\r\n<\/article>\r\n\r\n\r\n \r\n\r\n    \r\n<article class=\"article swiper-slide bg-color-white fw-center fw-mw-xsmall post-2657 products type-products status-publish hentry products-category-generale\">\r\n    <a href=\"https:\/\/limitis.com\/it\/products\/server-virtuali\/\" target=\"_self\">            \r\n\r\n            \r\n            <div class=\"article-content bg-color-white\" style=\"\">\r\n         \r\n                <div class=\"article-content-inner\">\r\n\r\n                    <div class=\"article-icon\"><i class=\"bi bi-hdd-stack\"><\/i><\/div>\r\n                    <h3>Server virtuali<\/h3>\r\n\r\n                    <p>Massima flessibilit\u00e0 e prestazioni per i tuoi progetti Cerchi una soluzione server flessibile e potente per il tuo progetto ambizioso? [&hellip;]<\/p>\n                    <\/div>\r\n                \r\n                <div class=\"article-button button button--effect\">\r\n                                            <span class=\"button__mask\"><\/span><span class=\"button__text\">Dettagli<\/span><\/div>\r\n                                            \r\n            <\/div>\r\n\r\n\r\n    <\/a>\r\n<\/article>\r\n\r\n\r\n \r\n\r\n    \r\n<article class=\"article swiper-slide bg-color-white fw-center fw-mw-xsmall post-2592 products type-products status-publish hentry products-category-generale\">\r\n    <a href=\"https:\/\/limitis.com\/it\/products\/hosting-web\/\" target=\"_self\">            \r\n\r\n            \r\n            <div class=\"article-content bg-color-white\" style=\"\">\r\n         \r\n                <div class=\"article-content-inner\">\r\n\r\n                    <div class=\"article-icon\"><i class=\"bi bi-diagram-3\"><\/i><\/div>\r\n                    <h3>Hosting web<\/h3>\r\n\r\n                    <p>Il pacchetto completo senza pensieri per il tuo sito web! Ricevi tutto ci\u00f2 di cui hai bisogno per una presenza [&hellip;]<\/p>\n                    <\/div>\r\n                \r\n                <div class=\"article-button button button--effect\">\r\n                                            <span class=\"button__mask\"><\/span><span class=\"button__text\">Dettagli<\/span><\/div>\r\n                                            \r\n            <\/div>\r\n\r\n\r\n    <\/a>\r\n<\/article>\r\n\r\n\r\n \r\n\r\n    \r\n<article class=\"article swiper-slide bg-color-white fw-center fw-mw-xsmall post-2585 products type-products status-publish hentry products-category-generale\">\r\n    <a href=\"https:\/\/limitis.com\/it\/products\/microsoft365\/\" target=\"_self\">            \r\n\r\n            \r\n            <div class=\"article-content bg-color-white\" style=\"\">\r\n         \r\n                <div class=\"article-content-inner\">\r\n\r\n                    <div class=\"article-icon\"><i class=\"bi bi-microsoft\"><\/i><\/div>\r\n                    <h3>Microsoft365<\/h3>\r\n\r\n                    <p>L&#8217;ufficio online a un prezzo conveniente in abbonamento La tua azienda merita i migliori strumenti per lavorare in modo efficiente [&hellip;]<\/p>\n                    <\/div>\r\n                \r\n                <div class=\"article-button button button--effect\">\r\n                                            <span class=\"button__mask\"><\/span><span class=\"button__text\">Dettagli<\/span><\/div>\r\n                                            \r\n            <\/div>\r\n\r\n\r\n    <\/a>\r\n<\/article>\r\n\r\n\r\n \r\n\r\n    \r\n<article class=\"article swiper-slide bg-color-white fw-center fw-mw-xsmall post-2580 products type-products status-publish hentry products-category-generale\">\r\n    <a href=\"https:\/\/limitis.com\/it\/products\/supporto-di-limitis\/\" target=\"_self\">            \r\n\r\n            \r\n            <div class=\"article-content bg-color-white\" style=\"\">\r\n         \r\n                <div class=\"article-content-inner\">\r\n\r\n                    <div class=\"article-icon\"><i class=\"bi bi-headset\"><\/i><\/div>\r\n                    <h3>Supporto di Limitis<\/h3>\r\n\r\n                    <p>Sempre al tuo fianco per una quotidianit\u00e0 digitale senza intoppi Presso Limitis GmbH, il nostro team di supporto \u00e8 molto [&hellip;]<\/p>\n                    <\/div>\r\n                \r\n                <div class=\"article-button button button--effect\">\r\n                                            <span class=\"button__mask\"><\/span><span class=\"button__text\">Dettagli<\/span><\/div>\r\n                                            \r\n            <\/div>\r\n\r\n\r\n    <\/a>\r\n<\/article>\r\n\r\n\r\n \r\n\r\n    \r\n<article class=\"article swiper-slide bg-color-white fw-center fw-mw-xsmall post-2579 products type-products status-publish hentry products-category-generale\">\r\n    <a href=\"https:\/\/limitis.com\/it\/products\/housing\/\" target=\"_self\">            \r\n\r\n            \r\n            <div class=\"article-content bg-color-white\" style=\"\">\r\n         \r\n                <div class=\"article-content-inner\">\r\n\r\n                    <div class=\"article-icon\"><i class=\"bi bi-server\"><\/i><\/div>\r\n                    <h3>Housing<\/h3>\r\n\r\n                    <p>Housing e Co-Location \u2013 I tuoi server in mani sicure Cerchi un ambiente affidabile e sicuro per il tuo server? [&hellip;]<\/p>\n                    <\/div>\r\n                \r\n                <div class=\"article-button button button--effect\">\r\n                                            <span class=\"button__mask\"><\/span><span class=\"button__text\">Dettagli<\/span><\/div>\r\n                                            \r\n            <\/div>\r\n\r\n\r\n    <\/a>\r\n<\/article>\r\n\r\n\r\n \r\n\r\n    \r\n<article class=\"article swiper-slide bg-color-white fw-center fw-mw-xsmall post-2539 products type-products status-publish hentry products-category-generale\">\r\n    <a href=\"https:\/\/limitis.com\/it\/products\/suedtirolspot\/\" target=\"_self\">            \r\n\r\n            \r\n            <div class=\"article-content bg-color-white\" style=\"\">\r\n         \r\n                <div class=\"article-content-inner\">\r\n\r\n                    <div class=\"article-icon\"><i class=\"bi bi-router\"><\/i><\/div>\r\n                    <h3>SuedtirolSpot<\/h3>\r\n\r\n                    <p>WiFi come pacchetto completo senza pensieri Il nostro obiettivo \u00e8 offrire ai clienti un servizio completo, affidabile e di alta [&hellip;]<\/p>\n                    <\/div>\r\n                \r\n                <div class=\"article-button button button--effect\">\r\n                                            <span class=\"button__mask\"><\/span><span class=\"button__text\">Dettagli<\/span><\/div>\r\n                                            \r\n            <\/div>\r\n\r\n\r\n    <\/a>\r\n<\/article>\r\n\r\n\r\n \r\n\r\n    \r\n<article class=\"article swiper-slide bg-color-white fw-center fw-mw-xsmall post-2520 products type-products status-publish hentry products-category-generale\">\r\n    <a href=\"https:\/\/limitis.com\/it\/products\/il-tuo-dominio\/\" target=\"_self\">            \r\n\r\n            \r\n            <div class=\"article-content bg-color-white\" style=\"\">\r\n         \r\n                <div class=\"article-content-inner\">\r\n\r\n                    <div class=\"article-icon\"><i class=\"bi bi-globe\"><\/i><\/div>\r\n                    <h3>Il tuo nome di dominio perfetto ti sta aspettando!<\/h3>\r\n\r\n                    <p>Hai un\u2019idea grandiosa, ma ti manca ancora l\u2019indirizzo giusto sul web? Nessun problema, abbiamo la soluzione! Da noi trovi i [&hellip;]<\/p>\n                    <\/div>\r\n                \r\n                <div class=\"article-button button button--effect\">\r\n                                            <span class=\"button__mask\"><\/span><span class=\"button__text\">Dettagli<\/span><\/div>\r\n                                            \r\n            <\/div>\r\n\r\n\r\n    <\/a>\r\n<\/article>\r\n\r\n\r\n \r\n\r\n    \r\n<article class=\"article swiper-slide bg-color-white fw-center fw-mw-xsmall post-2514 products type-products status-publish hentry products-category-generale\">\r\n    <a href=\"https:\/\/limitis.com\/it\/products\/e-mail-resa-semplice\/\" target=\"_self\">            \r\n\r\n            \r\n            <div class=\"article-content bg-color-white\" style=\"\">\r\n         \r\n                <div class=\"article-content-inner\">\r\n\r\n                    <div class=\"article-icon\"><i class=\"bi bi-envelope\"><\/i><\/div>\r\n                    <h3>E-mail resa semplice<\/h3>\r\n\r\n                    <p>Diversi tipi di mail per il tuo successo! Stai cercando un servizio e-mail affidabile? Nessun problema, abbiamo esattamente ci\u00f2 che [&hellip;]<\/p>\n                    <\/div>\r\n                \r\n                <div class=\"article-button button button--effect\">\r\n                                            <span class=\"button__mask\"><\/span><span class=\"button__text\">Dettagli<\/span><\/div>\r\n                                            \r\n            <\/div>\r\n\r\n\r\n    <\/a>\r\n<\/article>\r\n\r\n\r\n \r\n\r\n    \r\n<article class=\"article swiper-slide bg-color-white fw-center fw-mw-xsmall post-2509 products type-products status-publish hentry products-category-generale\">\r\n    <a href=\"https:\/\/limitis.com\/it\/products\/casella-pec-legalmente-conforme\/\" target=\"_self\">            \r\n\r\n            \r\n            <div class=\"article-content bg-color-white\" style=\"\">\r\n         \r\n                <div class=\"article-content-inner\">\r\n\r\n                    <div class=\"article-icon\"><i class=\"bi bi-mailbox\"><\/i><\/div>\r\n                    <h3>Casella PEC legalmente conforme?<\/h3>\r\n\r\n                    <p>Nessun problema! Le nostre caselle PEC (Posta Elettronica Certificata) sono la soluzione perfetta per chi cerca ancora pi\u00f9 sicurezza. Questo [&hellip;]<\/p>\n                    <\/div>\r\n                \r\n                <div class=\"article-button button button--effect\">\r\n                                            <span class=\"button__mask\"><\/span><span class=\"button__text\">Dettagli<\/span><\/div>\r\n                                            \r\n            <\/div>\r\n\r\n\r\n    <\/a>\r\n<\/article>\r\n\r\n\r\n \r\n\r\n    \r\n<article class=\"article swiper-slide bg-color-white fw-center fw-mw-xsmall post-2583 products type-products status-publish hentry products-category-generale\">\r\n    <a href=\"https:\/\/limitis.com\/it\/products\/cloud-backup\/\" target=\"_self\">            \r\n\r\n            \r\n            <div class=\"article-content bg-color-white\" style=\"\">\r\n         \r\n                <div class=\"article-content-inner\">\r\n\r\n                    <div class=\"article-icon\"><i class=\"bi bi-cloud-check\"><\/i><\/div>\r\n                    <h3>Backup su Cloud<\/h3>\r\n\r\n                    <p>Backup dei dati semplificato \u2013 Proteggi i tuoi dati con Limitis e Acronis! Cerchi una soluzione sicura e semplice per [&hellip;]<\/p>\n                    <\/div>\r\n                \r\n                <div class=\"article-button button button--effect\">\r\n                                            <span class=\"button__mask\"><\/span><span class=\"button__text\">Dettagli<\/span><\/div>\r\n                                            \r\n            <\/div>\r\n\r\n\r\n    <\/a>\r\n<\/article>\r\n\r\n\r\n\r\n\r\n\r\n<\/div>\r\n\r\n\r\n\r\n\r\n<div class=\"pagination\">\r\n    <\/div>\r\n\r\n\r\n\r\n\r\n\r\n<\/div>\n<\/div> \r\n<\/div>\r\n\r\n\r\n<\/div>","protected":false},"excerpt":{"rendered":"","protected":false},"author":9,"featured_media":0,"parent":0,"menu_order":0,"comment_status":"closed","ping_status":"closed","template":"","meta":{"footnotes":""},"class_list":["post-2470","page","type-page","status-publish","hentry"],"yoast_head":"<!-- This site is optimized with the Yoast SEO plugin v27.5 - https:\/\/yoast.com\/product\/yoast-seo-wordpress\/ -->\n<title>I nostri servizi - Limitis<\/title>\n<meta name=\"robots\" content=\"index, follow, max-snippet:-1, max-image-preview:large, max-video-preview:-1\" \/>\n<link rel=\"canonical\" href=\"https:\/\/limitis.com\/it\/produkte\/\" \/>\n<meta property=\"og:locale\" content=\"it_IT\" \/>\n<meta property=\"og:type\" content=\"article\" \/>\n<meta property=\"og:title\" content=\"I nostri servizi - Limitis\" \/>\n<meta property=\"og:url\" content=\"https:\/\/limitis.com\/it\/produkte\/\" \/>\n<meta property=\"og:site_name\" content=\"Limitis\" \/>\n<meta property=\"article:publisher\" content=\"https:\/\/www.facebook.com\/limitis.net\" \/>\n<meta property=\"article:modified_time\" content=\"2024-12-18T13:22:26+00:00\" \/>\n<meta name=\"twitter:card\" content=\"summary_large_image\" \/>\n<script type=\"application\/ld+json\" class=\"yoast-schema-graph\">{\"@context\":\"https:\\\/\\\/schema.org\",\"@graph\":[{\"@type\":\"WebPage\",\"@id\":\"https:\\\/\\\/limitis.com\\\/it\\\/produkte\\\/\",\"url\":\"https:\\\/\\\/limitis.com\\\/it\\\/produkte\\\/\",\"name\":\"I nostri servizi - Limitis\",\"isPartOf\":{\"@id\":\"https:\\\/\\\/limitis.com\\\/it\\\/#website\"},\"datePublished\":\"2024-11-07T15:45:56+00:00\",\"dateModified\":\"2024-12-18T13:22:26+00:00\",\"breadcrumb\":{\"@id\":\"https:\\\/\\\/limitis.com\\\/it\\\/produkte\\\/#breadcrumb\"},\"inLanguage\":\"it-IT\",\"potentialAction\":[{\"@type\":\"ReadAction\",\"target\":[\"https:\\\/\\\/limitis.com\\\/it\\\/produkte\\\/\"]}]},{\"@type\":\"BreadcrumbList\",\"@id\":\"https:\\\/\\\/limitis.com\\\/it\\\/produkte\\\/#breadcrumb\",\"itemListElement\":[{\"@type\":\"ListItem\",\"position\":1,\"name\":\"Startseite\",\"item\":\"https:\\\/\\\/limitis.com\\\/it\\\/\"},{\"@type\":\"ListItem\",\"position\":2,\"name\":\"I nostri servizi\"}]},{\"@type\":\"WebSite\",\"@id\":\"https:\\\/\\\/limitis.com\\\/it\\\/#website\",\"url\":\"https:\\\/\\\/limitis.com\\\/it\\\/\",\"name\":\"Limitis\",\"description\":\"Internet-L\u00f6sungen aus S\u00fcdtirol\",\"publisher\":{\"@id\":\"https:\\\/\\\/limitis.com\\\/it\\\/#organization\"},\"potentialAction\":[{\"@type\":\"SearchAction\",\"target\":{\"@type\":\"EntryPoint\",\"urlTemplate\":\"https:\\\/\\\/limitis.com\\\/it\\\/?s={search_term_string}\"},\"query-input\":{\"@type\":\"PropertyValueSpecification\",\"valueRequired\":true,\"valueName\":\"search_term_string\"}}],\"inLanguage\":\"it-IT\"},{\"@type\":\"Organization\",\"@id\":\"https:\\\/\\\/limitis.com\\\/it\\\/#organization\",\"name\":\"Limitis GmbH\",\"url\":\"https:\\\/\\\/limitis.com\\\/it\\\/\",\"logo\":{\"@type\":\"ImageObject\",\"inLanguage\":\"it-IT\",\"@id\":\"https:\\\/\\\/limitis.com\\\/it\\\/#\\\/schema\\\/logo\\\/image\\\/\",\"url\":\"https:\\\/\\\/limitis.com\\\/wp-content\\\/uploads\\\/2023\\\/05\\\/limitis-logo-neu.png\",\"contentUrl\":\"https:\\\/\\\/limitis.com\\\/wp-content\\\/uploads\\\/2023\\\/05\\\/limitis-logo-neu.png\",\"width\":162,\"height\":47,\"caption\":\"Limitis GmbH\"},\"image\":{\"@id\":\"https:\\\/\\\/limitis.com\\\/it\\\/#\\\/schema\\\/logo\\\/image\\\/\"},\"sameAs\":[\"https:\\\/\\\/www.facebook.com\\\/limitis.net\",\"https:\\\/\\\/www.instagram.com\\\/limitis_gmbh\\\/\",\"https:\\\/\\\/www.linkedin.com\\\/company\\\/limitis\"]}]}<\/script>\n<!-- \/ Yoast SEO plugin. -->","yoast_head_json":{"title":"I nostri servizi - Limitis","robots":{"index":"index","follow":"follow","max-snippet":"max-snippet:-1","max-image-preview":"max-image-preview:large","max-video-preview":"max-video-preview:-1"},"canonical":"https:\/\/limitis.com\/it\/produkte\/","og_locale":"it_IT","og_type":"article","og_title":"I nostri servizi - Limitis","og_url":"https:\/\/limitis.com\/it\/produkte\/","og_site_name":"Limitis","article_publisher":"https:\/\/www.facebook.com\/limitis.net","article_modified_time":"2024-12-18T13:22:26+00:00","twitter_card":"summary_large_image","schema":{"@context":"https:\/\/schema.org","@graph":[{"@type":"WebPage","@id":"https:\/\/limitis.com\/it\/produkte\/","url":"https:\/\/limitis.com\/it\/produkte\/","name":"I nostri servizi - Limitis","isPartOf":{"@id":"https:\/\/limitis.com\/it\/#website"},"datePublished":"2024-11-07T15:45:56+00:00","dateModified":"2024-12-18T13:22:26+00:00","breadcrumb":{"@id":"https:\/\/limitis.com\/it\/produkte\/#breadcrumb"},"inLanguage":"it-IT","potentialAction":[{"@type":"ReadAction","target":["https:\/\/limitis.com\/it\/produkte\/"]}]},{"@type":"BreadcrumbList","@id":"https:\/\/limitis.com\/it\/produkte\/#breadcrumb","itemListElement":[{"@type":"ListItem","position":1,"name":"Startseite","item":"https:\/\/limitis.com\/it\/"},{"@type":"ListItem","position":2,"name":"I nostri servizi"}]},{"@type":"WebSite","@id":"https:\/\/limitis.com\/it\/#website","url":"https:\/\/limitis.com\/it\/","name":"Limitis","description":"Internet-L\u00f6sungen aus S\u00fcdtirol","publisher":{"@id":"https:\/\/limitis.com\/it\/#organization"},"potentialAction":[{"@type":"SearchAction","target":{"@type":"EntryPoint","urlTemplate":"https:\/\/limitis.com\/it\/?s={search_term_string}"},"query-input":{"@type":"PropertyValueSpecification","valueRequired":true,"valueName":"search_term_string"}}],"inLanguage":"it-IT"},{"@type":"Organization","@id":"https:\/\/limitis.com\/it\/#organization","name":"Limitis GmbH","url":"https:\/\/limitis.com\/it\/","logo":{"@type":"ImageObject","inLanguage":"it-IT","@id":"https:\/\/limitis.com\/it\/#\/schema\/logo\/image\/","url":"https:\/\/limitis.com\/wp-content\/uploads\/2023\/05\/limitis-logo-neu.png","contentUrl":"https:\/\/limitis.com\/wp-content\/uploads\/2023\/05\/limitis-logo-neu.png","width":162,"height":47,"caption":"Limitis GmbH"},"image":{"@id":"https:\/\/limitis.com\/it\/#\/schema\/logo\/image\/"},"sameAs":["https:\/\/www.facebook.com\/limitis.net","https:\/\/www.instagram.com\/limitis_gmbh\/","https:\/\/www.linkedin.com\/company\/limitis"]}]}},"_links":{"self":[{"href":"https:\/\/limitis.com\/it\/wp-json\/wp\/v2\/pages\/2470","targetHints":{"allow":["GET"]}}],"collection":[{"href":"https:\/\/limitis.com\/it\/wp-json\/wp\/v2\/pages"}],"about":[{"href":"https:\/\/limitis.com\/it\/wp-json\/wp\/v2\/types\/page"}],"author":[{"embeddable":true,"href":"https:\/\/limitis.com\/it\/wp-json\/wp\/v2\/users\/9"}],"replies":[{"embeddable":true,"href":"https:\/\/limitis.com\/it\/wp-json\/wp\/v2\/comments?post=2470"}],"version-history":[{"count":5,"href":"https:\/\/limitis.com\/it\/wp-json\/wp\/v2\/pages\/2470\/revisions"}],"predecessor-version":[{"id":3738,"href":"https:\/\/limitis.com\/it\/wp-json\/wp\/v2\/pages\/2470\/revisions\/3738"}],"wp:attachment":[{"href":"https:\/\/limitis.com\/it\/wp-json\/wp\/v2\/media?parent=2470"}],"curies":[{"name":"wp","href":"https:\/\/api.w.org\/{rel}","templated":true}]}}