{"id":1132,"date":"2024-04-15T15:46:22","date_gmt":"2024-04-15T13:46:22","guid":{"rendered":"https:\/\/limitis.eu\/?page_id=1132"},"modified":"2024-12-17T13:30:23","modified_gmt":"2024-12-17T12:30:23","slug":"infrastruktur","status":"publish","type":"page","link":"https:\/\/limitis.com\/it\/infrastruktur\/","title":{"rendered":"Infrastruttura"},"content":{"rendered":"<div class=\"lazyblock-layout-Z1raHeX wp-block-lazyblock-layout\">\r\n\r\n\r\n\r\n<div class=\"layout-content  fw-px-4 fw-py-7\" style=\"\">\r\n   <div class=\"lazyblock-inner-blocks\">\n<div class=\"lazyblock-text-ZnL0Ef wp-block-lazyblock-text\">\r\n\r\n\r\n\r\n<div class=\"text-content \" style=\"\">\r\n  <h1 style=\"text-align: center;\">La nostra infrastruttura<\/h1>\n<p style=\"text-align: center;\">La nostra infrastruttura server si trova in un centro dati all&#8217;avanguardia in Alto Adige ed \u00e8 gestita e monitorata personalmente da noi, 24 ore su 24, 7 giorni su 7. Come provider di qualit\u00e0, puntiamo a conquistare la fiducia dei nostri clienti con la massima disponibilit\u00e0 e un servizio eccellente.<\/p><\/div>\r\n\r\n\r\n<\/div>\n\n\n<div class=\"wp-block-columns is-layout-flex wp-container-core-columns-is-layout-9d6595d7 wp-block-columns-is-layout-flex\">\n<div class=\"wp-block-column has-theme-color-4-background-color has-background is-layout-flow wp-block-column-is-layout-flow\"><div class=\"lazyblock-layout-ZqO0XC wp-block-lazyblock-layout\">\r\n\r\n\r\n\r\n<div class=\"layout-content  fw-px-4 fw-py-7\" style=\"\">\r\n   <div class=\"lazyblock-inner-blocks\">\n\n<svg xmlns=\"http:\/\/www.w3.org\/2000\/svg\" viewBox=\"0 0 512 512\" width=\"50\" height=\"50\" fill=\"#cd1719\"><!--!Font Awesome Free 6.7.1 by @fontawesome - https:\/\/fontawesome.com License - https:\/\/fontawesome.com\/license\/free Copyright 2024 Fonticons, Inc.--><path d=\"M272 96c-78.6 0-145.1 51.5-167.7 122.5c33.6-17 71.5-26.5 111.7-26.5l88 0c8.8 0 16 7.2 16 16s-7.2 16-16 16l-16 0-72 0s0 0 0 0c-16.6 0-32.7 1.9-48.3 5.4c-25.9 5.9-49.9 16.4-71.4 30.7c0 0 0 0 0 0C38.3 298.8 0 364.9 0 440l0 16c0 13.3 10.7 24 24 24s24-10.7 24-24l0-16c0-48.7 20.7-92.5 53.8-123.2C121.6 392.3 190.3 448 272 448l1 0c132.1-.7 239-130.9 239-291.4c0-42.6-7.5-83.1-21.1-119.6c-2.6-6.9-12.7-6.6-16.2-.1C455.9 72.1 418.7 96 376 96L272 96z\"><\/path><\/svg>\n\n\n<div class=\"lazyblock-text-Z2heMCt wp-block-lazyblock-text\">\r\n\r\n\r\n\r\n<div class=\"text-content \" style=\"\">\r\n  <!-- wp:heading -->\n<h3 class=\"wp-block-heading\">Energia verde<\/h3>\n<!-- \/wp:heading -->\n\n<!-- wp:paragraph -->\n<p>La nostra infrastruttura server \u00e8 alimentata da energia CO2 neutrale proveniente da centrali idroelettriche locali.<\/p>\n<!-- \/wp:paragraph --><\/div>\r\n\r\n\r\n<\/div>\n<\/div> \r\n<\/div>\r\n\r\n\r\n<\/div><\/div>\n\n\n\n<div class=\"wp-block-column has-theme-color-4-background-color has-background is-layout-flow wp-block-column-is-layout-flow\"><div class=\"lazyblock-layout-nt0pr wp-block-lazyblock-layout\">\r\n\r\n\r\n\r\n<div class=\"layout-content  fw-px-4 fw-py-7\" style=\"\">\r\n   <div class=\"lazyblock-inner-blocks\">\n\n<svg xmlns=\"http:\/\/www.w3.org\/2000\/svg\" viewBox=\"0 0 512 512\" width=\"50\" height=\"50\" fill=\"#cd1719\"><!--!Font Awesome Free 6.7.1 by @fontawesome - https:\/\/fontawesome.com License - https:\/\/fontawesome.com\/license\/free Copyright 2024 Fonticons, Inc.--><path d=\"M64 32C28.7 32 0 60.7 0 96l0 64c0 35.3 28.7 64 64 64l384 0c35.3 0 64-28.7 64-64l0-64c0-35.3-28.7-64-64-64L64 32zm280 72a24 24 0 1 1 0 48 24 24 0 1 1 0-48zm48 24a24 24 0 1 1 48 0 24 24 0 1 1 -48 0zM64 288c-35.3 0-64 28.7-64 64l0 64c0 35.3 28.7 64 64 64l384 0c35.3 0 64-28.7 64-64l0-64c0-35.3-28.7-64-64-64L64 288zm280 72a24 24 0 1 1 0 48 24 24 0 1 1 0-48zm56 24a24 24 0 1 1 48 0 24 24 0 1 1 -48 0z\"\/><\/svg>\n\n\n<div class=\"lazyblock-text-2fKk59 wp-block-lazyblock-text\">\r\n\r\n\r\n\r\n<div class=\"text-content \" style=\"\">\r\n  <h3>Backup<\/h3>\n<p>Tutti i dati, che si tratti di e-mail, database o siti web, vengono salvati quotidianamente in due diverse sedi.<\/p><\/div>\r\n\r\n\r\n<\/div>\n<\/div> \r\n<\/div>\r\n\r\n\r\n<\/div><\/div>\n\n\n\n<div class=\"wp-block-column has-theme-color-4-background-color has-background is-layout-flow wp-block-column-is-layout-flow\"><div class=\"lazyblock-layout-n8Wtg wp-block-lazyblock-layout\">\r\n\r\n\r\n\r\n<div class=\"layout-content  fw-px-4 fw-py-7\" style=\"\">\r\n   <div class=\"lazyblock-inner-blocks\">\n\n<svg xmlns=\"http:\/\/www.w3.org\/2000\/svg\" viewBox=\"0 0 448 512\" width=\"50\" height=\"50\" fill=\"#cd1719\"><!--!Font Awesome Free 6.7.1 by @fontawesome - https:\/\/fontawesome.com License - https:\/\/fontawesome.com\/license\/free Copyright 2024 Fonticons, Inc.--><path d=\"M349.4 44.6c5.9-13.7 1.5-29.7-10.6-38.5s-28.6-8-39.9 1.8l-256 224c-10 8.8-13.6 22.9-8.9 35.3S50.7 288 64 288l111.5 0L98.6 467.4c-5.9 13.7-1.5 29.7 10.6 38.5s28.6 8 39.9-1.8l256-224c10-8.8 13.6-22.9 8.9-35.3s-16.6-20.7-30-20.7l-111.5 0L349.4 44.6z\"\/><\/svg>\n\n\n<div class=\"lazyblock-text-Zdw1Cg wp-block-lazyblock-text\">\r\n\r\n\r\n\r\n<div class=\"text-content \" style=\"\">\r\n  <!-- wp:heading -->\n<h3 class=\"wp-block-heading\">Alimentazione di emergenza<\/h3>\n<!-- \/wp:heading -->\n\n<!-- wp:paragraph -->\n<p>Grazie ai generatori diesel, le interruzioni di corrente possono essere gestite senza problemi e senza interruzioni del servizio.<\/p>\n<!-- \/wp:paragraph --><\/div>\r\n\r\n\r\n<\/div>\n<\/div> \r\n<\/div>\r\n\r\n\r\n<\/div><\/div>\n<\/div>\n\n\n\n<div class=\"wp-block-columns is-layout-flex wp-container-core-columns-is-layout-9d6595d7 wp-block-columns-is-layout-flex\">\n<div class=\"wp-block-column has-theme-color-4-background-color has-background is-layout-flow wp-block-column-is-layout-flow\"><div class=\"lazyblock-layout-Z27TkhQ wp-block-lazyblock-layout\">\r\n\r\n\r\n\r\n<div class=\"layout-content  fw-px-4 fw-py-7\" style=\"\">\r\n   <div class=\"lazyblock-inner-blocks\">\n\n<svg xmlns=\"http:\/\/www.w3.org\/2000\/svg\" viewBox=\"0 0 512 512\" width=\"50\" height=\"50\" fill=\"#cd1719\"><!--!Font Awesome Free 6.7.1 by @fontawesome - https:\/\/fontawesome.com License - https:\/\/fontawesome.com\/license\/free Copyright 2024 Fonticons, Inc.--><path d=\"M32 32c17.7 0 32 14.3 32 32l0 336c0 8.8 7.2 16 16 16l400 0c17.7 0 32 14.3 32 32s-14.3 32-32 32L80 480c-44.2 0-80-35.8-80-80L0 64C0 46.3 14.3 32 32 32zM160 224c17.7 0 32 14.3 32 32l0 64c0 17.7-14.3 32-32 32s-32-14.3-32-32l0-64c0-17.7 14.3-32 32-32zm128-64l0 160c0 17.7-14.3 32-32 32s-32-14.3-32-32l0-160c0-17.7 14.3-32 32-32s32 14.3 32 32zm64 32c17.7 0 32 14.3 32 32l0 96c0 17.7-14.3 32-32 32s-32-14.3-32-32l0-96c0-17.7 14.3-32 32-32zM480 96l0 224c0 17.7-14.3 32-32 32s-32-14.3-32-32l0-224c0-17.7 14.3-32 32-32s32 14.3 32 32z\"\/><\/svg>\n\n\n<div class=\"lazyblock-text-Z1M7fsz wp-block-lazyblock-text\">\r\n\r\n\r\n\r\n<div class=\"text-content \" style=\"\">\r\n  <!-- wp:heading -->\n<h3 class=\"wp-block-heading\">Monitoraggio 24\/7<\/h3>\n<!-- \/wp:heading -->\n\n<!-- wp:paragraph -->\n<p>I nostri sistemi vengono monitorati 24\/7, permettendo di risolvere immediatamente eventuali guasti.<\/p>\n<!-- \/wp:paragraph --><\/div>\r\n\r\n\r\n<\/div>\n<\/div> \r\n<\/div>\r\n\r\n\r\n<\/div><\/div>\n\n\n\n<div class=\"wp-block-column has-theme-color-4-background-color has-background is-layout-flow wp-block-column-is-layout-flow\"><div class=\"lazyblock-layout-ZwuEDE wp-block-lazyblock-layout\">\r\n\r\n\r\n\r\n<div class=\"layout-content  fw-px-4 fw-py-7\" style=\"\">\r\n   <div class=\"lazyblock-inner-blocks\">\n\n<svg xmlns=\"http:\/\/www.w3.org\/2000\/svg\" viewBox=\"0 0 576 512\" width=\"50\" height=\"50\" fill=\"#cd1719\"><!--!Font Awesome Free 6.7.1 by @fontawesome - https:\/\/fontawesome.com License - https:\/\/fontawesome.com\/license\/free Copyright 2024 Fonticons, Inc.--><path d=\"M0 128C0 92.7 28.7 64 64 64l256 0c35.3 0 64 28.7 64 64l0 256c0 35.3-28.7 64-64 64L64 448c-35.3 0-64-28.7-64-64L0 128zM559.1 99.8c10.4 5.6 16.9 16.4 16.9 28.2l0 256c0 11.8-6.5 22.6-16.9 28.2s-23 5-32.9-1.6l-96-64L416 337.1l0-17.1 0-128 0-17.1 14.2-9.5 96-64c9.8-6.5 22.4-7.2 32.9-1.6z\"\/><\/svg>\n\n\n<div class=\"lazyblock-text-1vY0Rd wp-block-lazyblock-text\">\r\n\r\n\r\n\r\n<div class=\"text-content \" style=\"\">\r\n  <!-- wp:heading -->\n<h3 class=\"wp-block-heading\">Sicurezza<\/h3>\n<!-- \/wp:heading -->\n\n<!-- wp:paragraph -->\n<p>Sistemi automatici di spegnimento a gas, videosorveglianza e rigorosi controlli di accesso nel data center garantiscono la massima sicurezza.<\/p>\n<!-- \/wp:paragraph --><\/div>\r\n\r\n\r\n<\/div>\n<\/div> \r\n<\/div>\r\n\r\n\r\n<\/div><\/div>\n\n\n\n<div class=\"wp-block-column has-theme-color-4-background-color has-background is-layout-flow wp-block-column-is-layout-flow\"><div class=\"lazyblock-layout-ZRK5Wj wp-block-lazyblock-layout\">\r\n\r\n\r\n\r\n<div class=\"layout-content  fw-px-4 fw-py-7\" style=\"\">\r\n   <div class=\"lazyblock-inner-blocks\">\n\n<svg xmlns=\"http:\/\/www.w3.org\/2000\/svg\" viewBox=\"0 0 640 512\" width=\"50\" height=\"50\" fill=\"#cd1719\"><!--!Font Awesome Free 6.7.1 by @fontawesome - https:\/\/fontawesome.com License - https:\/\/fontawesome.com\/license\/free Copyright 2024 Fonticons, Inc.--><path d=\"M256 64l128 0 0 64-128 0 0-64zM240 0c-26.5 0-48 21.5-48 48l0 96c0 26.5 21.5 48 48 48l48 0 0 32L32 224c-17.7 0-32 14.3-32 32s14.3 32 32 32l96 0 0 32-48 0c-26.5 0-48 21.5-48 48l0 96c0 26.5 21.5 48 48 48l160 0c26.5 0 48-21.5 48-48l0-96c0-26.5-21.5-48-48-48l-48 0 0-32 256 0 0 32-48 0c-26.5 0-48 21.5-48 48l0 96c0 26.5 21.5 48 48 48l160 0c26.5 0 48-21.5 48-48l0-96c0-26.5-21.5-48-48-48l-48 0 0-32 96 0c17.7 0 32-14.3 32-32s-14.3-32-32-32l-256 0 0-32 48 0c26.5 0 48-21.5 48-48l0-96c0-26.5-21.5-48-48-48L240 0zM96 448l0-64 128 0 0 64L96 448zm320-64l128 0 0 64-128 0 0-64z\"\/><\/svg>\n\n\n<div class=\"lazyblock-text-ZwoeLo wp-block-lazyblock-text\">\r\n\r\n\r\n\r\n<div class=\"text-content \" style=\"\">\r\n  <!-- wp:heading -->\n<h3 class=\"wp-block-heading\">Connessione di rete<\/h3>\n<!-- \/wp:heading -->\n\n<!-- wp:paragraph -->\n<p>La nostra connessione di rete ridondante da un totale di 2 Gbit\/s garantisce velocit\u00e0 di trasmissione ultra rapide.<\/p>\n<!-- \/wp:paragraph --><\/div>\r\n\r\n\r\n<\/div>\n<\/div> \r\n<\/div>\r\n\r\n\r\n<\/div><\/div>\n<\/div>\n\n\n\n<div class=\"wp-block-columns is-layout-flex wp-container-core-columns-is-layout-9d6595d7 wp-block-columns-is-layout-flex\">\n<div class=\"wp-block-column has-theme-color-4-background-color has-background is-layout-flow wp-block-column-is-layout-flow\"><div class=\"lazyblock-layout-TGyRY wp-block-lazyblock-layout\">\r\n\r\n\r\n\r\n<div class=\"layout-content  fw-px-4 fw-py-7\" style=\"\">\r\n   <div class=\"lazyblock-inner-blocks\">\n\n<svg xmlns=\"http:\/\/www.w3.org\/2000\/svg\" viewBox=\"0 0 512 512\" width=\"50\" height=\"50\" fill=\"#cd1719\"><!--!Font Awesome Free 6.7.1 by @fontawesome - https:\/\/fontawesome.com License - https:\/\/fontawesome.com\/license\/free Copyright 2024 Fonticons, Inc.--><path d=\"M256 0c4.6 0 9.2 1 13.4 2.9L457.7 82.8c22 9.3 38.4 31 38.3 57.2c-.5 99.2-41.3 280.7-213.6 363.2c-16.7 8-36.1 8-52.8 0C57.3 420.7 16.5 239.2 16 140c-.1-26.2 16.3-47.9 38.3-57.2L242.7 2.9C246.8 1 251.4 0 256 0zm0 66.8l0 378.1C394 378 431.1 230.1 432 141.4L256 66.8s0 0 0 0z\"\/><\/svg>\n\n\n<div class=\"lazyblock-text-17heK1 wp-block-lazyblock-text\">\r\n\r\n\r\n\r\n<div class=\"text-content \" style=\"\">\r\n  <!-- wp:heading -->\n<h3 class=\"wp-block-heading\">Protezione DDoS<\/h3>\n<!-- \/wp:heading -->\n\n<!-- wp:paragraph -->\n<p>Come uno dei pochi provider, Limitis offre una protezione DDoS affidabile che protegge efficacemente da attacchi.<\/p>\n<!-- \/wp:paragraph --><\/div>\r\n\r\n\r\n<\/div>\n<\/div> \r\n<\/div>\r\n\r\n\r\n<\/div><\/div>\n\n\n\n<div class=\"wp-block-column has-theme-color-4-background-color has-background is-layout-flow wp-block-column-is-layout-flow\"><div class=\"lazyblock-layout-Z1IP7oA wp-block-lazyblock-layout\">\r\n\r\n\r\n\r\n<div class=\"layout-content  fw-px-4 fw-py-7\" style=\"\">\r\n   <div class=\"lazyblock-inner-blocks\">\n\n<svg xmlns=\"http:\/\/www.w3.org\/2000\/svg\" viewBox=\"0 0 512 512\" width=\"50\" height=\"50\" fill=\"#cd1719\"><!--!Font Awesome Free 6.7.1 by @fontawesome - https:\/\/fontawesome.com License - https:\/\/fontawesome.com\/license\/free Copyright 2024 Fonticons, Inc.--><path d=\"M256 48C141.1 48 48 141.1 48 256l0 40c0 13.3-10.7 24-24 24s-24-10.7-24-24l0-40C0 114.6 114.6 0 256 0S512 114.6 512 256l0 144.1c0 48.6-39.4 88-88.1 88L313.6 488c-8.3 14.3-23.8 24-41.6 24l-32 0c-26.5 0-48-21.5-48-48s21.5-48 48-48l32 0c17.8 0 33.3 9.7 41.6 24l110.4 .1c22.1 0 40-17.9 40-40L464 256c0-114.9-93.1-208-208-208zM144 208l16 0c17.7 0 32 14.3 32 32l0 112c0 17.7-14.3 32-32 32l-16 0c-35.3 0-64-28.7-64-64l0-48c0-35.3 28.7-64 64-64zm224 0c35.3 0 64 28.7 64 64l0 48c0 35.3-28.7 64-64 64l-16 0c-17.7 0-32-14.3-32-32l0-112c0-17.7 14.3-32 32-32l16 0z\"\/><\/svg>\n\n\n<div class=\"lazyblock-text-VJUkJ wp-block-lazyblock-text\">\r\n\r\n\r\n\r\n<div class=\"text-content \" style=\"\">\r\n  <!-- wp:heading -->\n<h3 class=\"wp-block-heading\">Supporto<\/h3>\n<!-- \/wp:heading -->\n\n<!-- wp:paragraph -->\n<p>Il team di supporto, composto da otto persone, \u00e8 a disposizione dei nostri clienti telefonicamente e via e-mail.<\/p>\n<!-- \/wp:paragraph --><\/div>\r\n\r\n\r\n<\/div>\n<\/div> \r\n<\/div>\r\n\r\n\r\n<\/div><\/div>\n\n\n\n<div class=\"wp-block-column is-layout-flow wp-block-column-is-layout-flow\"><\/div>\n<\/div>\n\n<\/div> \r\n<\/div>\r\n\r\n\r\n<\/div>","protected":false},"excerpt":{"rendered":"","protected":false},"author":5,"featured_media":0,"parent":0,"menu_order":0,"comment_status":"closed","ping_status":"closed","template":"","meta":{"footnotes":""},"class_list":["post-1132","page","type-page","status-publish","hentry"],"yoast_head":"<!-- This site is optimized with the Yoast SEO plugin v27.5 - https:\/\/yoast.com\/product\/yoast-seo-wordpress\/ -->\n<title>Infrastruttura - Limitis<\/title>\n<meta name=\"robots\" content=\"index, follow, max-snippet:-1, max-image-preview:large, max-video-preview:-1\" \/>\n<link rel=\"canonical\" href=\"https:\/\/limitis.com\/it\/infrastruktur\/\" \/>\n<meta property=\"og:locale\" content=\"it_IT\" \/>\n<meta property=\"og:type\" content=\"article\" \/>\n<meta property=\"og:title\" content=\"Infrastruttura - Limitis\" \/>\n<meta property=\"og:url\" content=\"https:\/\/limitis.com\/it\/infrastruktur\/\" \/>\n<meta property=\"og:site_name\" content=\"Limitis\" \/>\n<meta property=\"article:publisher\" content=\"https:\/\/www.facebook.com\/limitis.net\" \/>\n<meta property=\"article:modified_time\" content=\"2024-12-17T12:30:23+00:00\" \/>\n<meta name=\"twitter:card\" content=\"summary_large_image\" \/>\n<script type=\"application\/ld+json\" class=\"yoast-schema-graph\">{\"@context\":\"https:\\\/\\\/schema.org\",\"@graph\":[{\"@type\":\"WebPage\",\"@id\":\"https:\\\/\\\/limitis.com\\\/it\\\/infrastruktur\\\/\",\"url\":\"https:\\\/\\\/limitis.com\\\/it\\\/infrastruktur\\\/\",\"name\":\"Infrastruttura - Limitis\",\"isPartOf\":{\"@id\":\"https:\\\/\\\/limitis.com\\\/it\\\/#website\"},\"datePublished\":\"2024-04-15T13:46:22+00:00\",\"dateModified\":\"2024-12-17T12:30:23+00:00\",\"breadcrumb\":{\"@id\":\"https:\\\/\\\/limitis.com\\\/it\\\/infrastruktur\\\/#breadcrumb\"},\"inLanguage\":\"it-IT\",\"potentialAction\":[{\"@type\":\"ReadAction\",\"target\":[\"https:\\\/\\\/limitis.com\\\/it\\\/infrastruktur\\\/\"]}]},{\"@type\":\"BreadcrumbList\",\"@id\":\"https:\\\/\\\/limitis.com\\\/it\\\/infrastruktur\\\/#breadcrumb\",\"itemListElement\":[{\"@type\":\"ListItem\",\"position\":1,\"name\":\"Startseite\",\"item\":\"https:\\\/\\\/limitis.com\\\/it\\\/\"},{\"@type\":\"ListItem\",\"position\":2,\"name\":\"Infrastruttura\"}]},{\"@type\":\"WebSite\",\"@id\":\"https:\\\/\\\/limitis.com\\\/it\\\/#website\",\"url\":\"https:\\\/\\\/limitis.com\\\/it\\\/\",\"name\":\"Limitis\",\"description\":\"Internet-L\u00f6sungen aus S\u00fcdtirol\",\"publisher\":{\"@id\":\"https:\\\/\\\/limitis.com\\\/it\\\/#organization\"},\"potentialAction\":[{\"@type\":\"SearchAction\",\"target\":{\"@type\":\"EntryPoint\",\"urlTemplate\":\"https:\\\/\\\/limitis.com\\\/it\\\/?s={search_term_string}\"},\"query-input\":{\"@type\":\"PropertyValueSpecification\",\"valueRequired\":true,\"valueName\":\"search_term_string\"}}],\"inLanguage\":\"it-IT\"},{\"@type\":\"Organization\",\"@id\":\"https:\\\/\\\/limitis.com\\\/it\\\/#organization\",\"name\":\"Limitis GmbH\",\"url\":\"https:\\\/\\\/limitis.com\\\/it\\\/\",\"logo\":{\"@type\":\"ImageObject\",\"inLanguage\":\"it-IT\",\"@id\":\"https:\\\/\\\/limitis.com\\\/it\\\/#\\\/schema\\\/logo\\\/image\\\/\",\"url\":\"https:\\\/\\\/limitis.com\\\/wp-content\\\/uploads\\\/2023\\\/05\\\/limitis-logo-neu.png\",\"contentUrl\":\"https:\\\/\\\/limitis.com\\\/wp-content\\\/uploads\\\/2023\\\/05\\\/limitis-logo-neu.png\",\"width\":162,\"height\":47,\"caption\":\"Limitis GmbH\"},\"image\":{\"@id\":\"https:\\\/\\\/limitis.com\\\/it\\\/#\\\/schema\\\/logo\\\/image\\\/\"},\"sameAs\":[\"https:\\\/\\\/www.facebook.com\\\/limitis.net\",\"https:\\\/\\\/www.instagram.com\\\/limitis_gmbh\\\/\",\"https:\\\/\\\/www.linkedin.com\\\/company\\\/limitis\"]}]}<\/script>\n<!-- \/ Yoast SEO plugin. -->","yoast_head_json":{"title":"Infrastruttura - Limitis","robots":{"index":"index","follow":"follow","max-snippet":"max-snippet:-1","max-image-preview":"max-image-preview:large","max-video-preview":"max-video-preview:-1"},"canonical":"https:\/\/limitis.com\/it\/infrastruktur\/","og_locale":"it_IT","og_type":"article","og_title":"Infrastruttura - Limitis","og_url":"https:\/\/limitis.com\/it\/infrastruktur\/","og_site_name":"Limitis","article_publisher":"https:\/\/www.facebook.com\/limitis.net","article_modified_time":"2024-12-17T12:30:23+00:00","twitter_card":"summary_large_image","schema":{"@context":"https:\/\/schema.org","@graph":[{"@type":"WebPage","@id":"https:\/\/limitis.com\/it\/infrastruktur\/","url":"https:\/\/limitis.com\/it\/infrastruktur\/","name":"Infrastruttura - Limitis","isPartOf":{"@id":"https:\/\/limitis.com\/it\/#website"},"datePublished":"2024-04-15T13:46:22+00:00","dateModified":"2024-12-17T12:30:23+00:00","breadcrumb":{"@id":"https:\/\/limitis.com\/it\/infrastruktur\/#breadcrumb"},"inLanguage":"it-IT","potentialAction":[{"@type":"ReadAction","target":["https:\/\/limitis.com\/it\/infrastruktur\/"]}]},{"@type":"BreadcrumbList","@id":"https:\/\/limitis.com\/it\/infrastruktur\/#breadcrumb","itemListElement":[{"@type":"ListItem","position":1,"name":"Startseite","item":"https:\/\/limitis.com\/it\/"},{"@type":"ListItem","position":2,"name":"Infrastruttura"}]},{"@type":"WebSite","@id":"https:\/\/limitis.com\/it\/#website","url":"https:\/\/limitis.com\/it\/","name":"Limitis","description":"Internet-L\u00f6sungen aus S\u00fcdtirol","publisher":{"@id":"https:\/\/limitis.com\/it\/#organization"},"potentialAction":[{"@type":"SearchAction","target":{"@type":"EntryPoint","urlTemplate":"https:\/\/limitis.com\/it\/?s={search_term_string}"},"query-input":{"@type":"PropertyValueSpecification","valueRequired":true,"valueName":"search_term_string"}}],"inLanguage":"it-IT"},{"@type":"Organization","@id":"https:\/\/limitis.com\/it\/#organization","name":"Limitis GmbH","url":"https:\/\/limitis.com\/it\/","logo":{"@type":"ImageObject","inLanguage":"it-IT","@id":"https:\/\/limitis.com\/it\/#\/schema\/logo\/image\/","url":"https:\/\/limitis.com\/wp-content\/uploads\/2023\/05\/limitis-logo-neu.png","contentUrl":"https:\/\/limitis.com\/wp-content\/uploads\/2023\/05\/limitis-logo-neu.png","width":162,"height":47,"caption":"Limitis GmbH"},"image":{"@id":"https:\/\/limitis.com\/it\/#\/schema\/logo\/image\/"},"sameAs":["https:\/\/www.facebook.com\/limitis.net","https:\/\/www.instagram.com\/limitis_gmbh\/","https:\/\/www.linkedin.com\/company\/limitis"]}]}},"_links":{"self":[{"href":"https:\/\/limitis.com\/it\/wp-json\/wp\/v2\/pages\/1132","targetHints":{"allow":["GET"]}}],"collection":[{"href":"https:\/\/limitis.com\/it\/wp-json\/wp\/v2\/pages"}],"about":[{"href":"https:\/\/limitis.com\/it\/wp-json\/wp\/v2\/types\/page"}],"author":[{"embeddable":true,"href":"https:\/\/limitis.com\/it\/wp-json\/wp\/v2\/users\/5"}],"replies":[{"embeddable":true,"href":"https:\/\/limitis.com\/it\/wp-json\/wp\/v2\/comments?post=1132"}],"version-history":[{"count":4,"href":"https:\/\/limitis.com\/it\/wp-json\/wp\/v2\/pages\/1132\/revisions"}],"predecessor-version":[{"id":3579,"href":"https:\/\/limitis.com\/it\/wp-json\/wp\/v2\/pages\/1132\/revisions\/3579"}],"wp:attachment":[{"href":"https:\/\/limitis.com\/it\/wp-json\/wp\/v2\/media?parent=1132"}],"curies":[{"name":"wp","href":"https:\/\/api.w.org\/{rel}","templated":true}]}}